{"id":77,"date":"2019-08-26T20:56:56","date_gmt":"2019-08-26T20:56:56","guid":{"rendered":"http:\/\/instpsy.f.bg.ac.rs\/?page_id=77"},"modified":"2023-08-17T09:19:06","modified_gmt":"2023-08-17T09:19:06","slug":"casopis-psiholoska-istrazivanja","status":"publish","type":"page","link":"https:\/\/instpsy.f.bg.ac.rs\/en\/casopis-psiholoska-istrazivanja\/","title":{"rendered":"Psiholo\u0161ka istra\u017eivanja Journal"},"content":{"rendered":"<div style=\"text-align: justify;\"><div style=\"text-align: justify;\"><strong>(redovna periodika, 2010 \u2013 danas)<\/strong><\/div><div style=\"text-align: justify;\"><ul><li>Glavni i odgovorni urednik Darinka An\u0111elkovi\u0107 i Marina Videnovi\u0107 (2023-)<\/li><li>Glavni i odgovorni urednik Darinka An\u0111elkovi\u0107 (2016-2022)<\/li><li>Glavni i odgovorni urednik Bora Kuzmanovi\u0107 (2010-2016)<\/li><li>Vrednovan od strane Ministarstva prosvete, nauke i tehnolo\u0161kog razvoja kao me\u0111unarodni \u010dasopis (M23)<\/li><\/ul><\/div><\/div><div style=\"text-align: justify;\"><a href=\"https:\/\/scindeks.ceon.rs\/journaldetails.aspx?issn=0352-7379\">https:\/\/scindeks.ceon.rs\/journaldetails.aspx?issn=0352-7379<\/a><\/div><div style=\"text-align: justify;\"><br \/><br \/><\/div><div style=\"text-align: justify;\"><strong>(povremeno publikovanje radova Instituta za psihologiju FF UB, 1976-2010)<\/strong><\/div><div style=\"text-align: justify;\"><ol><li>Markovi\u0107, S. (Ur.) (2004). <em>Psiholo\u0161ka istra\u017eivanja 14.<\/em> ISSN 0352-7379<\/li><li>Popadi\u0107 D. (Ur.) (2003). <em>Studentski protest 96\/97<\/em>. <em>Psiholo\u0161ka istra\u017eivanja 13.<\/em> ISSN 0352-7379<\/li><li>Markovi\u0107, S. (Ur.) (2002). <em>Psiholo\u0161ka istra\u017eivanja 10-11.<\/em> ISSN 0352-7379<\/li><li>Plut, D. (Ur.) (1999). <em>Psiholo\u0161ka istra\u017eivanja 10<\/em>. ISSN 0352-7379<\/li><li>Plut, D. (Ur.) (1997). <em>Psiholo\u0161ka istra\u017eivanja 9<\/em>. ISSN 0352-7379<\/li><li>Popadi\u0107, D. (Ur.) (1995). <em>Psiholo\u0161ka istra\u017eivanja 7<\/em>. Univerzitet u Beogradu, Filozofski fakultet, Institut za psihologiju. Beograd. ISBN 86-80269-22-0.<\/li><li>Pavlovi\u0107, D., Savi\u0107-Ignjatovi\u0107, N., Ognjenovi\u0107, P. (Ur.) (1994). Dece, mi i rat. Psihologija umetnosti. <em>Psiholo\u0161ka istra\u017eivanja 6.<\/em><\/li><li>Berger, J., Miti\u0107, M., Vukosavljevi\u0107, T., Pa\u0161i\u0107, N. (Ur.) (1992). Klini\u010dko-psiholo\u0161ke teme. <em>Psiholo\u0161ka istra\u017eivanja 5.<\/em><\/li><li>Pe\u0161ikan, A., Kosti\u0107. A., \u0110uri\u0107, S. (Ur.) (1990). <em>Psiholo\u0161ka istra\u017eivanja 4.<\/em><\/li><li>Vu\u010di\u010d, L. i Havelka, N. (Ur.) (1985): Socijalizacija, motivacija za rad, i mentalno zdravlje.<em> Psiholo\u0161ka istra\u017eivanja 3. <\/em><\/li><li>Vu\u010di\u010d, L., Havelka, N. (Ur.) (1980). Sposobnosti, stvaralo\u0161tvo i u\u010denje. <em>Psiholo\u0161ka istra\u017eivanja 2.<\/em><\/li><li>Vu\u010di\u010d, L. i Havelka, N. (Ur.) (1976): <em>Psiholo\u0161ka istra\u017eivanja. <\/em>ISSN 0352-7379<\/li><\/ol><\/div><div style=\"text-align: justify;\"><\/div><div style=\"text-align: justify;\">JUBILARNA IZDANJA:<\/div><ol start=\"13\"><li style=\"text-align: justify;\"><div>Plut, D., Havelka, N., Jovanovi\u0107, G. (Ur.) (1997). 35 godina Instituta za psihologiju.<em> Psiholo\u0161ka istra\u017eivanja 8. <\/em>Univerzitet u Beogradu, Filozofski fakultet, Institut za psihologiju. Beograd. YU ISSN 0352-7379<\/div><\/li><li style=\"text-align: justify;\"><div>Plut, D. (Ur.) (1997). MA and PhD Abstracts. Thesis and dissertations done as part of the Intitute\u2019s Projects. 35<sup>th<\/sup> Anniversary of the Institute of Psychology.<em> Psiholo\u0161ka istra\u017eivanja 8. <\/em> YU ISSN 0352-7379<\/div><\/li><li><div style=\"text-align: justify;\">Pavlovi\u0107, D. i Krnjai\u0107, Z. (Ur.) (2013): <em>Istra\u017eivanja u psihologiji izme\u0111u teorije i primene: 50 godina Instituta za psihologiju<\/em>. Univerzitet u Beogradu, Filozofski fakultet, Institut za psihologiju. Beograd. ISBN 978-86-89377-06-4<\/div><\/li><\/ol>","protected":false},"excerpt":{"rendered":"<p>(redovna periodika, 2010 \u2013 danas)Glavni i odgovorni urednik Darinka An\u0111elkovi\u0107 i Marina Videnovi\u0107 (2023-)Glavni i odgovorni urednik Darinka An\u0111elkovi\u0107 (2016-2022)Glavni i odgovorni urednik Bora Kuzmanovi\u0107 (2010-2016)Vrednovan od strane Ministarstva prosvete, nauke i tehnolo\u0161kog razvoja kao me\u0111unarodni \u010dasopis (M23)https:\/\/scindeks.ceon.rs\/journaldetails.aspx?issn=0352-7379(povremeno publikovanje radova&hellip; <\/p>\n","protected":false},"author":1,"featured_media":0,"parent":0,"menu_order":0,"comment_status":"closed","ping_status":"closed","template":"","meta":{"_uag_custom_page_level_css":"","footnotes":""},"class_list":["post-77","page","type-page","status-publish","hentry"],"translation":{"provider":"WPGlobus","version":"3.0.2","language":"en","enabled_languages":["sr","en"],"languages":{"sr":{"title":true,"content":true,"excerpt":false},"en":{"title":true,"content":true,"excerpt":false}}},"uagb_featured_image_src":{"full":false,"thumbnail":false,"medium":false,"medium_large":false,"large":false,"news_plugin_small":false,"news_plugin_full":false,"1536x1536":false,"2048x2048":false,"blog-large":false,"blog-medium":false,"recent-thumb":false,"service-featured":false,"rb-resume-thumbnail":false},"uagb_author_info":{"display_name":"instpsyfil","author_link":"https:\/\/instpsy.f.bg.ac.rs\/en\/author\/instpsyfil\/"},"uagb_comment_info":0,"uagb_excerpt":"(redovna periodika, 2010 \u2013 danas)Glavni i odgovorni urednik Darinka An\u0111elkovi\u0107 i Marina Videnovi\u0107 (2023-)Glavni i odgovorni urednik Darinka An\u0111elkovi\u0107 (2016-2022)Glavni i odgovorni urednik Bora Kuzmanovi\u0107 (2010-2016)Vrednovan od strane Ministarstva prosvete, nauke i tehnolo\u0161kog razvoja kao me\u0111unarodni \u010dasopis (M23)https:\/\/scindeks.ceon.rs\/journaldetails.aspx?issn=0352-7379(povremeno publikovanje radova&hellip;","_links":{"self":[{"href":"https:\/\/instpsy.f.bg.ac.rs\/en\/wp-json\/wp\/v2\/pages\/77","targetHints":{"allow":["GET"]}}],"collection":[{"href":"https:\/\/instpsy.f.bg.ac.rs\/en\/wp-json\/wp\/v2\/pages"}],"about":[{"href":"https:\/\/instpsy.f.bg.ac.rs\/en\/wp-json\/wp\/v2\/types\/page"}],"author":[{"embeddable":true,"href":"https:\/\/instpsy.f.bg.ac.rs\/en\/wp-json\/wp\/v2\/users\/1"}],"replies":[{"embeddable":true,"href":"https:\/\/instpsy.f.bg.ac.rs\/en\/wp-json\/wp\/v2\/comments?post=77"}],"version-history":[{"count":9,"href":"https:\/\/instpsy.f.bg.ac.rs\/en\/wp-json\/wp\/v2\/pages\/77\/revisions"}],"predecessor-version":[{"id":1021,"href":"https:\/\/instpsy.f.bg.ac.rs\/en\/wp-json\/wp\/v2\/pages\/77\/revisions\/1021"}],"wp:attachment":[{"href":"https:\/\/instpsy.f.bg.ac.rs\/en\/wp-json\/wp\/v2\/media?parent=77"}],"curies":[{"name":"wp","href":"https:\/\/api.w.org\/{rel}","templated":true}]}}