{"id":625,"date":"2022-02-07T20:06:07","date_gmt":"2022-02-07T20:06:07","guid":{"rendered":"https:\/\/instpsy.f.bg.ac.rs\/?page_id=625"},"modified":"2022-10-01T11:44:27","modified_gmt":"2022-10-01T11:44:27","slug":"zora-krnjaic","status":"publish","type":"page","link":"https:\/\/instpsy.f.bg.ac.rs\/en\/zora-krnjaic\/","title":{"rendered":"Zora Krnjai\u0107"},"content":{"rendered":"<style type=\"text\/css\">\n            #resume-276.rb-template-container { max-width: 100% !important; margin-left: auto; margin-right: auto; }            #resume-276 .rbt-header-wrapper { border-color: rgba( 0, 0, 0, 0.2 ); }\n            #resume-276.rb-template-container { background: transparent !important; box-sizing: border-box; padding: 0 !important; }                                                @media screen and (max-width: 900px) {\n                #resume-276.rb-template-container {\n                    padding:45px !important;\n                }\n            }\n        <\/style><section id=\"resume-276\" class=\"rb-template-container\"><div class=\"rb-template-default\"><div class=\"rbt-header-wrapper\"><style type=\"text\/css\">\n\t#rb-template-759 .rbt-header .rbt-name,\n\t#rb-template-759 .rbt-header .rbt-title { color:#000000; }\n\t#rb-template-759 .rbt-header .rb-button { background:#980000; }\n\t#rb-template-759 .rbt-header .rb-button:hover { background:#000000; }\n\t#rb-template-759 .rbt-header > .rbt-photo { width: 200px; height: 200px; }\n<\/style>\n\n<div id=\"rb-template-759\" class=\"rb-template-default\">\n\t<section class=\"rbt-header rb-resume-has-photo\">\n\n\t\t\t\t\n\t\t\t\t\t<div class=\"rbt-photo\" style=\"background-image: url( 'https:\/\/instpsy.f.bg.ac.rs\/wp-content\/uploads\/2022\/02\/Zora_Krnjaic.jpg' )\">&nbsp;<\/div>\n\t\t\t\n\t\t\t\n\t\t<div class=\"rbt-name\">Zora Krnjai\u0107<\/div>\n\t\n\t\t\t\n\t\t<div class=\"rbt-title\">-<\/div>\t\t\n\t\t<div class=\"rbt-attachment\"><a target=\"_blank\" href=\"http:\/\/instpsy.f.bg.ac.rs\/wp-content\/uploads\/2025\/11\/Zora-Krnjaic_CV-za-sajt_novo-2025.pdf\" class=\"rb-button\"><svg width=\"24\" height=\"24\" fill=\"none\" viewBox=\"0 0 24 24\">\n\t\t<path stroke=\"currentColor\" stroke-linecap=\"round\" stroke-linejoin=\"round\" stroke-width=\"1.5\" d=\"M7.75 19.25H16.25C17.3546 19.25 18.25 18.3546 18.25 17.25V9L14 4.75H7.75C6.64543 4.75 5.75 5.64543 5.75 6.75V17.25C5.75 18.3546 6.64543 19.25 7.75 19.25Z\"><\/path>\n\t\t<path stroke=\"currentColor\" stroke-linecap=\"round\" stroke-linejoin=\"round\" stroke-width=\"1.5\" d=\"M18 9.25H13.75V5\"><\/path>\n\t\t<path stroke=\"currentColor\" stroke-linecap=\"round\" stroke-linejoin=\"round\" stroke-width=\"1.5\" d=\"M9.75 15.25H14.25\"><\/path>\n\t\t<path stroke=\"currentColor\" stroke-linecap=\"round\" stroke-linejoin=\"round\" stroke-width=\"1.5\" d=\"M9.75 12.25H14.25\"><\/path>\n\t\t<\/svg>&nbsp;CV<\/a><\/div> \n\t\n\t\t\t\n\t<\/section>\n<\/div><style type=\"text\/css\">\n\t\t#rb-template-305 .rbt-contact-info,\n\t\t#rb-template-305 .rbt-ci-block { border-color: rgba( 0, 0, 0, 0.2 ); }\n\t\t#rb-template-305 .rbt-contact-info a { color:#980000; }\n\t\t#rb-template-305 .rbt-contact-info svg path { stroke:#000000; }\n\t\t#rb-template-305 .rbt-contact-info,\n\t\t#rb-template-305 .rbt-contact-info a:hover { color:#000000; }\t\n\t<\/style><div id=\"rb-template-305\" class=\"rb-template-default\"><div class=\"rbt-contact-info\"><div class=\"rbt-ci-block\"><div><\/div><div><a href=\"mailto:zk&#114;&#110;&#106;&#097;&#105;c&#064;f&#046;b&#103;.a&#099;&#046;&#114;&#115;\">zkr&#110;&#106;a&#105;c&#064;&#102;&#046;&#098;g.a&#099;&#046;&#114;&#115;<\/a><\/div><\/div><\/div><\/div><\/div><div class=\"rbt-body\"><div class=\"rbt-column full\"><style type=\"text\/css\">\n\t\t#rb-template-527 .rbt-introduction { color:#000000; }\n\t<\/style>\n\t\n\t<div id=\"rb-template-527\" class=\"rb-template-default\">\n\t\t<div class=\"rbt-introduction\"><p><a href=\"\/\/orcid.org\/0000-0002-4836-3754\" rel=\"noopener noreferrer\" target=\"_blank\">&nbsp;https:\/\/orcid.org\/0000-0002-4836-3754<\/a><\/p><\/div>\t<\/div><style type=\"text\/css\">\n\t\t#rb-template-273,\n\t\t#rb-template-273 .rbt-history-blocks .rbt-history-block { color: #000000; }\n\t\t#rb-template-273 .rbt-section-heading { color: #980000; }\n\t\t#rb-template-273 .rbt-history-blocks .rbt-history-block > div::before { background: #000000; }\n\t\t#rb-template-273 .rbt-history-blocks .rbt-history-place-time > span::after { background: #000000; }\n\t\t#rb-template-273 .rbt-history-blocks .rbt-history-block .rbt-history-job-degree:after { background: #980000; }\n\t<\/style><div id=\"rb-template-273\" class=\"rb-template-default\"><div class=\"rbt-section-heading\">EDUCATION<\/div><div class=\"rbt-history-blocks\"><div class=\"rbt-history-block\"><div class=\"rbt-history-job-degree\">Ph.D. in Psychology<\/div><div class=\"rbt-history-place-time\"><span class=\"rbt-history-company-school\">Faculty of Philosophy, University of Belgrade<\/span><span class=\"rbt-history-dates\">2005<\/span><\/div><div class=\"rbt-history-description\"><ul><li>Mentor: prof. dr Ivan Ivi\u0107<\/li><li class=\"ql-align-justify\">Theses title: <em>Expert Thinking: beginning and development<\/em><\/li><\/ul><\/div><\/div><div class=\"rbt-history-block\"><div class=\"rbt-history-job-degree\">MA<\/div><div class=\"rbt-history-place-time\"><span class=\"rbt-history-company-school\">Faculty of Philosophy, University of Belgrade<\/span><span class=\"rbt-history-dates\">1997<\/span><\/div><div class=\"rbt-history-description\"><ul><li>Mentor: prof. dr Ivan Ivi\u0107<\/li><li>MA Thesis: <em>An Approach to Identification of Intellectually Gifted Students<\/em>&nbsp;<\/li><\/ul><\/div><\/div><div class=\"rbt-history-block\"><div class=\"rbt-history-job-degree\">Graduate psychologist<\/div><div class=\"rbt-history-place-time\"><span class=\"rbt-history-company-school\">Faculty of Philosophy, University of Belgrade<\/span><span class=\"rbt-history-dates\">1988<\/span><\/div><div class=\"rbt-history-description\"><ul><li>Mentor: p<span style=\"color: black\">rof. dr&nbsp;Ivan Ivi\u0107<\/span><span class=\"ql-cursor\">\ufeff\ufeff\ufeff\ufeff\ufeff\ufeff\ufeff\ufeff\ufeff\ufeff\ufeff\ufeff\ufeff\ufeff\ufeff\ufeff\ufeff\ufeff\ufeff\ufeff\ufeff<\/span><\/li><\/ul><\/div><\/div><\/div><div class=\"rbt-section-heading\">CAREER<\/div><div class=\"rbt-history-blocks\"><div class=\"rbt-history-block\"><div class=\"rbt-history-job-degree\">Principal Research Fellow<\/div><div class=\"rbt-history-place-time\"><span class=\"rbt-history-company-school\">Institute of Psychology, Faculty of Philosophy, University of Belgrade<\/span><span class=\"rbt-history-dates\">2025 - Present<\/span><\/div><\/div><div class=\"rbt-history-block\"><div class=\"rbt-history-job-degree\">Senior Research Associate<\/div><div class=\"rbt-history-place-time\"><span class=\"rbt-history-company-school\">Institute of Psychology, Faculty of Philosophy, University of Belgrade<\/span><span class=\"rbt-history-dates\">2014 - 2025<\/span><\/div><\/div><div class=\"rbt-history-block\"><div class=\"rbt-history-job-degree\">Research Associate<\/div><div class=\"rbt-history-place-time\"><span class=\"rbt-history-company-school\">Institute of Psychology, Faculty of Philosophy, University of Belgrade<\/span><span class=\"rbt-history-dates\">2006 \u2013 2014<\/span><\/div><\/div><div class=\"rbt-history-block\"><div class=\"rbt-history-job-degree\">Research Assistant<\/div><div class=\"rbt-history-place-time\"><span class=\"rbt-history-company-school\">Institute of Psychology, Faculty of Philosophy, University of Belgrade<\/span><span class=\"rbt-history-dates\">1998 \u2013 2006<\/span><\/div><\/div><div class=\"rbt-history-block\"><div class=\"rbt-history-job-degree\">Assistant<\/div><div class=\"rbt-history-place-time\"><span class=\"rbt-history-company-school\">Institute of Psychology, Faculty of Philosophy, University of Belgrade<\/span><span class=\"rbt-history-dates\">1990 - 1998<\/span><\/div><\/div><\/div><div class=\"rbt-section-heading\">RESEARCH INTERESTS<\/div><div class=\"rbt-text-content\"><ul>\n<li><span style=\"color: black\">Giftedness, expertise and expert thinking<\/span><\/li>\n<li><span style=\"color: black\">Extra curriculum activities, everyday life&nbsp;and leisure time of young people<\/span><\/li>\n<li><span style=\"color: black\">Psychosocial and educational support to vulnerable groups <\/span><\/li>\n<li><span style=\"color: black\">Youth policy<\/span><\/li>\n<\/ul>\n<\/div><div class=\"rbt-section-heading\">SELECTED PUBLICATION<\/div><div class=\"rbt-text-content\"><p class=\"ql-align-justify\"><span style=\"background-color: transparent\">Stepanovi\u0107, I., Videnovi\u0107, M., <\/span><strong style=\"background-color: transparent\">Krnjai\u0107, Z.<\/strong><span style=\"background-color: transparent\">, &amp; Krsti\u0107, K. (2024). Adolescent music preferences and their relationship with Schwartz's basic values. In B. Bogunovi\u0107, R. Timmers, &amp; S. Nikoli\u0107 (Eds.), Psychological Perspectives on Musical Experiences and Skills. Research in the Western Balkans and Western Europe (pp.123-142). Open Book Publishers, Cambridge. <\/span><a href=\"https:\/\/doi.org\/10.11647\/obp.0389.06\" rel=\"noopener noreferrer\" target=\"_blank\" style=\"background-color: transparent\">https:\/\/doi.org\/10.11647\/obp.0389.06<\/a><\/p>\n<p class=\"ql-align-justify\"><strong style=\"background-color: transparent\">Krnjai\u0107, Z<\/strong><span style=\"background-color: transparent\">. &amp; Simi\u0107, N. (2024). Effects of COVID-19 Pandemic on Primary School Students - the Perspective of Gifted Students and Students with Special Educational Needs and Disabilities. In D. Mandi\u0107, S. Blagdani\u0107, &amp; I. Nikolio\u0107 (Eds.), <\/span><em style=\"background-color: transparent\">Education through the COVID-19 Pandemic<\/em><span style=\"background-color: transparent\">, Vol 1 <\/span><em style=\"background-color: transparent\">Pedagogical, Didacts and Methodological Aspects <\/em><span style=\"background-color: transparent\">(pp. 59-80). <\/span><a href=\"https:\/\/doi.org\/10.18485\/uf_edu_covid19.2024.1.ch4\" rel=\"noopener noreferrer\" target=\"_blank\" style=\"background-color: transparent\"><em>https:\/\/doi.org\/10.18485\/uf_edu_covid19.2024.1.ch4<\/em><\/a><\/p>\n<p class=\"ql-align-justify\"><span style=\"background-color: transparent\">Juri\u0161evi\u010d, M., <\/span><strong style=\"background-color: transparent\">Krnjai\u0107, Z<\/strong><span style=\"background-color: transparent\">., &amp; \u0160imon, J. (2024). Gifted Students\u2019 Academic Motivation During the COVID-19 Pandemic: A Qualitative Study in Croatia, Serbia, and Slovenia. <\/span><em style=\"background-color: transparent\">Journal for the Education of the Gifted, 47<\/em><span style=\"background-color: transparent\">(3), 296-331.<\/span><a href=\"https:\/\/doi.org\/10.1177\/01623532241258720\" rel=\"noopener noreferrer\" target=\"_blank\" style=\"background-color: transparent\"> https:\/\/doi.org\/10.1177\/01623532241258720<\/a><span style=\"background-color: transparent\"> &nbsp; \t&nbsp; &nbsp; &nbsp; &nbsp; \t<\/span><\/p>\n<p class=\"ql-align-justify\"><span style=\"background-color: transparent\">Stepanovi\u0107 Ili\u0107, I., <\/span><strong style=\"background-color: transparent\">Krnjai\u0107, Z.<\/strong><span style=\"background-color: transparent\">, Videnovi\u0107, M., &amp; Krsti\u0107, K. (2024). How do adolescents engage with music in spare time? Leisure patterns and their relation with socio-demographic characteristics, well-being, and risk behaviors. <\/span><em style=\"background-color: transparent\">Psychology of Music<\/em><span style=\"background-color: transparent\">, 0(0).<\/span><a href=\"https:\/\/doi.org\/10.1177\/03057356241254458\" rel=\"noopener noreferrer\" target=\"_blank\" style=\"background-color: transparent\"> https:\/\/doi.org\/10.1177\/03057356241254458<\/a><\/p>\n<p class=\"ql-align-justify\"><strong style=\"background-color: transparent\">Krnjai\u0107, Z<\/strong><span style=\"background-color: transparent\">., &amp; Simi\u0107, N. (2024). Gifted Students about Effective School Practices: Lessons Learned from Emergency Remote Education. <\/span><em style=\"background-color: transparent\">Nastava i vaspitanje<\/em><span style=\"background-color: transparent\">, <\/span><em style=\"background-color: transparent\">73<\/em><span style=\"background-color: transparent\">(2), 217-235.<\/span><a href=\"https:\/\/doi.org\/10.5937\/nasvas2402217K\" rel=\"noopener noreferrer\" target=\"_blank\" style=\"background-color: transparent\"> https:\/\/doi.org\/10.5937\/nasvas2402217K<\/a><span style=\"background-color: transparent\">&nbsp; &nbsp; &nbsp; &nbsp; &nbsp; &nbsp; &nbsp; &nbsp; &nbsp; &nbsp; &nbsp; &nbsp; &nbsp; &nbsp; &nbsp; &nbsp; &nbsp; &nbsp; &nbsp; &nbsp; &nbsp; &nbsp; &nbsp; &nbsp; &nbsp; &nbsp; &nbsp; &nbsp; \t&nbsp;&nbsp;&nbsp;&nbsp;&nbsp;&nbsp;&nbsp;&nbsp;<\/span><\/p>\n<p class=\"ql-align-justify\"><span style=\"background-color: transparent\">Nikitovi\u0107, T., Vuleti\u0107, T., Ignjatovi\u0107, N., Ninkovi\u0107, M., Gruji\u0107, K., <\/span><strong style=\"background-color: transparent\">Krnjai\u0107, Z<\/strong><span style=\"background-color: transparent\">., &amp; Krsti\u0107, K. (2023). Crisis as Opportunity, Risk, or Turmoil: Qualitative Study of Youth Narratives about the COVID-19 Pandemic. <\/span><em style=\"background-color: transparent\">Journal of Adolescent Health<\/em><span style=\"background-color: transparent\">, <\/span><em style=\"background-color: transparent\">73<\/em><span style=\"background-color: transparent\">(4), 686-692. <\/span><a href=\"https:\/\/doi.org\/10.1016\/j.jadohealth.2023.05.017\" rel=\"noopener noreferrer\" target=\"_blank\" style=\"background-color: transparent\">https:\/\/doi.org\/10.1016\/j.jadohealth.2023.05.017<\/a><span style=\"background-color: transparent\"> <\/span><strong style=\"background-color: transparent\">&nbsp;<\/strong><span style=\"background-color: transparent\">&nbsp;&nbsp;&nbsp;&nbsp;&nbsp;&nbsp;&nbsp;&nbsp;&nbsp;&nbsp;&nbsp;&nbsp;&nbsp;&nbsp;&nbsp;&nbsp;&nbsp;&nbsp;&nbsp;&nbsp;&nbsp;&nbsp;&nbsp;&nbsp;&nbsp;&nbsp;&nbsp;&nbsp;&nbsp;&nbsp;\t&nbsp; &nbsp; &nbsp; &nbsp; &nbsp; &nbsp; &nbsp; &nbsp; &nbsp; &nbsp; \t<\/span><\/p>\n<p class=\"ql-align-justify\"><strong style=\"background-color: transparent\">Krnjai\u0107, Z<\/strong><span style=\"background-color: transparent\">., Gruji\u0107, K., &amp;Vuleti\u0107, T. (2023). How students report about their education experiences during the first year of Covid-19 pandemic? <\/span><em style=\"background-color: transparent\">Andrago\u0161ke studije <\/em><span style=\"background-color: transparent\">(1), 125-149.<\/span><a href=\"https:\/\/doi.org\/10.5937\/AndStud2301125K\" rel=\"noopener noreferrer\" target=\"_blank\" style=\"background-color: transparent\"> https:\/\/doi.org\/10.5937\/AndStud2301125K<\/a><span style=\"background-color: transparent\">&nbsp;&nbsp;&nbsp;&nbsp;<\/span><\/p>\n<p class=\"ql-align-justify\"><span style=\"background-color: transparent\">Institut za psihologiju. (2022). <\/span><em style=\"background-color: transparent\">Obrazovanje tokom pandemije Kovid-19 u Srbiji: kvalitativna studija <\/em><span style=\"background-color: transparent\">[Education during Covid-19 pandemic in Serbia: A qualitative study]. Univerzitet u Beogradu - Filozofski fakultet.<\/span><a href=\"http:\/\/reff.f.bg.ac.rs\/handle\/123456789\/4546\" rel=\"noopener noreferrer\" target=\"_blank\" style=\"background-color: transparent\"> http:\/\/reff.f.bg.ac.rs\/handle\/123456789\/4546<\/a><\/p>\n<p><span style=\"background-color: transparent\">Vasojevi\u0107, I<\/span><strong style=\"background-color: transparent\">., Krnjai\u0107, Z<\/strong><span style=\"background-color: transparent\">., i Vasojevi\u0107, N. (2021). Razvijanje kreativnosti u razrednoj nastavi matematike [<\/span><em style=\"background-color: transparent\">Developing Creativity in Mathematics Instruction<\/em><span style=\"background-color: transparent\">]. <\/span><em style=\"background-color: transparent\">Nastava i vaspitanje<\/em><span style=\"background-color: transparent\">, <\/span><em style=\"background-color: transparent\">70<\/em><span style=\"background-color: transparent\">(2), 165-176.<\/span><a href=\"https:\/\/doi.org\/10.5937\/nasvas2102165V\" rel=\"noopener noreferrer\" target=\"_blank\" style=\"background-color: transparent\"> https:\/\/doi.org\/10.5937\/nasvas2102165V<\/a><span style=\"background-color: transparent\">&nbsp; \t<\/span><\/p>\n<p class=\"ql-align-justify\"><strong style=\"background-color: transparent\">Krnjai\u0107, Z<\/strong><span style=\"background-color: transparent\">. (2020). Hobby Potential for Positive Youth Development and Wellbeing.In G. Gojkov &amp; A. Stojanovi\u0107 (Eds.), <\/span><em style=\"background-color: transparent\">The Book of Proceedings of the <\/em><span style=\"background-color: transparent\">25th International Scientific Conference<\/span><em style=\"background-color: transparent\"> on Giftedness \u201cComplexity of giftedness and creativity phenomena \u2013 Challenges: an individual and society\u201d<\/em><span style=\"background-color: transparent\"> (pp. 41-47). Preschool Teacher Training College \u201cMihailo Palov\u201d, Vr\u0161acand Universitatea \u201eAurel Vlaicu\u201d, Arad, Romania. Jun 28th 2019. <\/span><a href=\"http:\/\/www.nauka.uskolavrsac.in.rs\/25-okrugli-sto\/\" rel=\"noopener noreferrer\" target=\"_blank\" style=\"background-color: transparent\">http:\/\/www.nauka.uskolavrsac.in.rs\/25-okrugli-sto<\/a><span style=\"background-color: transparent\"> <\/span><a href=\"http:\/\/reff.f.bg.ac.rs\/handle\/123456789\/4343\" rel=\"noopener noreferrer\" target=\"_blank\" style=\"background-color: transparent\">http:\/\/reff.f.bg.ac.rs\/handle\/123456789\/4343<\/a><span style=\"background-color: transparent\"> <\/span><a href=\"https:\/\/enauka.gov.rs\/handle\/123456789\/562236\" rel=\"noopener noreferrer\" target=\"_blank\" style=\"background-color: transparent\">https:\/\/enauka.gov.rs\/handle\/123456789\/562236<\/a><\/p>\n<p class=\"ql-align-justify\"><strong style=\"color: black\">Krnjai\u0107, Z<\/strong><span style=\"color: black\"> (2019). <\/span><em style=\"color: black\">Ekspertsko mi\u0161ljenje u nauci <\/em><span style=\"color: black\">[Expert thinking in science]. <\/span><em style=\"color: black\">&nbsp;<\/em><span style=\"color: black\">Beograd: Institut za psihologiju, <\/span><\/p>\n<p class=\"ql-align-justify\"><span style=\"color: black\">\u017degarac, N. &amp; <\/span><strong style=\"color: black\">Krnjai\u0107, Z. <\/strong><span style=\"color: black\">(Eds.). (2019). Advancing the well-being of adolescents in foster care:&nbsp;From action-oriented research to better policies and practices. Belgrade: Faculty of Political Sciences, University of Belgrade. <\/span><a href=\"https:\/\/www.unicef.org\/serbia\/en\/reports\/advancing-well-being-adolescents-foster-care\" rel=\"noopener noreferrer\" target=\"_blank\" style=\"color: blue\">https:\/\/www.unicef.org\/serbia\/en\/reports\/advancing-well-being-adolescents-foster-care<\/a><\/p>\n<p class=\"ql-align-justify\"><span style=\"color: black\">Videnovi\u0107, M., Stepanovi\u0107 Ili\u0107, I. &amp;<\/span><strong style=\"color: black\"> Krnjai\u0107, Z.<\/strong><span style=\"color: black\"> (2018). Dropping Out:What Are Schools Doing To Prevent It?. <\/span><em style=\"color: black\">Serbian political thought, 17<\/em><span style=\"color: black\">(1), 61-74. doi.org\/10.22182\/spt.1712018.4.<\/span><\/p>\n<p class=\"ql-align-justify\"><span style=\"color: black\">Vasojevi\u0107, N.,<\/span><strong style=\"color: black\"> Krnjai\u0107, Z.<\/strong><span style=\"color: black\">&amp; Kirin, S. (2018). Stipendisti \u0161kolovani u inostranstvu: povratnici u akademskoj zajednici u Srbiji [Scholarship Holders Abroad: Returnees in The Academic Community in Serbia].<\/span><em style=\"color: black\"> Sociolo\u0161ki pregled<\/em><span style=\"color: black\">,<\/span><em style=\"color: black\"> 52<\/em><span style=\"color: black\">(3), 938-959.  doi: 10.5937socpreg52-17682&nbsp;<\/span><\/p>\n<p class=\"ql-align-justify\"><strong style=\"color: black\">Krnjai\u0107, Z.<\/strong><span style=\"color: black\"> (2015). Rani razvoj ekspertize: uloga studentske prakse [Early development of expertise: The role of students' practical training]. <\/span><em style=\"color: black\">Psiholo\u0161ka istra\u017eivanja<\/em><span style=\"color: black\">, 18(1), 63-75. <\/span><\/p>\n<p class=\"ql-align-justify\"><strong style=\"color: black\">Krnjai\u0107, Z.<\/strong><span style=\"color: black\"> (2012). The history of youth policy and its relevance for youth policy in Serbia today. In F. Coussee, H. Williamson &amp; G. Verschelden (Eds.), <\/span><em style=\"color: black\">The history of youth work in Europe - Relevance for today\u2019s&nbsp;youth work policy<\/em><span style=\"color: black\">&nbsp;(Vol 3, pp. 83-91). Strasbourg: Council of Europe. <\/span><\/p>\n<p class=\"ql-align-justify\"><strong style=\"color: black\">Krnjai\u0107, Z<\/strong><span style=\"color: black\">. &amp; Mitrovi\u0107, A. (2009). Youth Policy in the Republic of Serbia. <\/span><em style=\"color: black\">Forum 21 European Journal on Child and Youth Policy<\/em><span style=\"color: black\">, Council of Europe,<\/span><em style=\"color: black\">13<\/em><span style=\"color: black\">, 74-84.<\/span><\/p>\n<p class=\"ql-align-justify\"><strong style=\"color: black\">Anti\u0107, S., Go\u0161ovi\u0107, R., Grahovac, V, <\/strong><strong>Krnjai\u0107, Z<\/strong>., Lazarevi\u0107, D., Moskovljevi\u0107, J., Pavlovi\u0107 Babi\u0107 D., Pe\u0161i\u0107, J., Plut, D., Stepanovi\u0107, I. (authors listed in alphabetical order) (2007). <em>The Culture of Critical Thinking: Theoretical Foundation and Implications for Teaching. <\/em>Belgrade: The Institute of Psychology and the Centre for Applied Psychology.<\/p>\n<p class=\"ql-align-justify\">Plut, D. i <strong>Krnjai\u0107, Z.<\/strong> (Eds.) (2004). <em>Obrazovanje i&nbsp;dru\u0161tvena kriza: dokument o jednom vremenu <\/em>[Societal Crisis and Education: a Document of an Era]. Beograd: Institut za psihologiju i UNESCO.&nbsp;<\/p>\n<p class=\"ql-align-justify\">Krnjai\u0107 Z. (2002).<em> Intelektualna nadarenost mladih<\/em>. [Intellectual Giftedness in Young People]. Beograd: Institut za psihologiju.<\/p>\n<p><a href=\"https:\/\/www.researchgate.net\/profile\/Zora-Krnjaic\" rel=\"noopener noreferrer\" target=\"_blank\" style=\"color: blue\">https:\/\/www.researchgate.net\/profile\/Zora-Krnjaic<\/a><\/p>\n<\/div><div class=\"rbt-section-heading\">SELECTED RESEARCH PROJECTS<\/div><div class=\"rbt-text-content\"><p><span style=\"background-color: transparent\">Advance Youth Skills and Learning: Evaluating the impact of UPSHIFT (Institute of Psychology and UNICEF).<\/span><\/p>\n<p><span style=\"background-color: transparent\">Effects of the COVID-19 Pandemic on Educational Processes and Practices in the Republic of Serbia: Qualitative Research (Institute of Psychology supported by UNICEF and in collaboration with Institute for Social Research Zagreb), project coordinator.<\/span><\/p>\n<p><span style=\"background-color: transparent\">Mapping of Youth Policies, Programmes and Mechanisms of Youth Participation in Decision Making in the Western Balkans Six\u201c (Centre for Education Policy and&nbsp; Regional Cooperation Council - Liaison Office in Brussels).<\/span><\/p>\n<p><span style=\"background-color: transparent\">Towards Ending Child Marriage in Serbia (Institute of Psychology and UNICEF).&nbsp;<\/span><\/p>\n<p><span style=\"background-color: transparent\">Improving the quality of foster-care through generating knowledge and debate on the wellbeing of adolescents in care (Institute of Psychology in collaboration with Faculty of Political Sciences, University of Belgrade supported by UNICEF), project coordinator.<\/span><\/p>\n<p><span style=\"background-color: transparent\">Strengthening structures for the empowerment and participation of young people in Serbia (Deutsche Gesellschaft f\u00fcr Internationale Zusammenarbeit GmbH GIZ).<\/span><\/p>\n<p><span style=\"background-color: transparent\">Everyday Life of Youth in Serbia: Time Budget (Institute of Psychology and Ministry of youth and sport).<\/span><\/p>\n<p><span style=\"background-color: transparent\">Education of Refugee Children in the War-Disturbed Environment: Problems and Actions (Institute of Psychology and UNESCO).<\/span><\/p>\n<p><span style=\"background-color: transparent\">Culture of Critical Thinking (Institute of Psychology and Open Society Foundation)<\/span><\/p>\n<p><span style=\"background-color: transparent\">Identification and Follow \u2013 up of Gifted Children and Students (Institute of Psychology in collaboration with the Foundation of the Republic of Serbia for Supporting of the Gifted and Talented Pupils and Students).<\/span><\/p>\n<p><\/p>\n<p><\/p>\n<\/div><\/div><\/div><\/div><\/div><\/section>","protected":false},"excerpt":{"rendered":"","protected":false},"author":1,"featured_media":0,"parent":0,"menu_order":0,"comment_status":"closed","ping_status":"closed","template":"","meta":{"_uag_custom_page_level_css":"","footnotes":""},"class_list":["post-625","page","type-page","status-publish","hentry"],"translation":{"provider":"WPGlobus","version":"3.0.0","language":"en","enabled_languages":["sr","en"],"languages":{"sr":{"title":true,"content":true,"excerpt":false},"en":{"title":true,"content":true,"excerpt":false}}},"uagb_featured_image_src":{"full":false,"thumbnail":false,"medium":false,"medium_large":false,"large":false,"news_plugin_small":false,"news_plugin_full":false,"1536x1536":false,"2048x2048":false,"blog-large":false,"blog-medium":false,"recent-thumb":false,"service-featured":false,"rb-resume-thumbnail":false},"uagb_author_info":{"display_name":"instpsyfil","author_link":"https:\/\/instpsy.f.bg.ac.rs\/en\/author\/instpsyfil\/"},"uagb_comment_info":0,"uagb_excerpt":null,"_links":{"self":[{"href":"https:\/\/instpsy.f.bg.ac.rs\/en\/wp-json\/wp\/v2\/pages\/625","targetHints":{"allow":["GET"]}}],"collection":[{"href":"https:\/\/instpsy.f.bg.ac.rs\/en\/wp-json\/wp\/v2\/pages"}],"about":[{"href":"https:\/\/instpsy.f.bg.ac.rs\/en\/wp-json\/wp\/v2\/types\/page"}],"author":[{"embeddable":true,"href":"https:\/\/instpsy.f.bg.ac.rs\/en\/wp-json\/wp\/v2\/users\/1"}],"replies":[{"embeddable":true,"href":"https:\/\/instpsy.f.bg.ac.rs\/en\/wp-json\/wp\/v2\/comments?post=625"}],"version-history":[{"count":5,"href":"https:\/\/instpsy.f.bg.ac.rs\/en\/wp-json\/wp\/v2\/pages\/625\/revisions"}],"predecessor-version":[{"id":1339,"href":"https:\/\/instpsy.f.bg.ac.rs\/en\/wp-json\/wp\/v2\/pages\/625\/revisions\/1339"}],"wp:attachment":[{"href":"https:\/\/instpsy.f.bg.ac.rs\/en\/wp-json\/wp\/v2\/media?parent=625"}],"curies":[{"name":"wp","href":"https:\/\/api.w.org\/{rel}","templated":true}]}}