{"id":560,"date":"2022-01-30T18:13:55","date_gmt":"2022-01-30T18:13:55","guid":{"rendered":"https:\/\/instpsy.f.bg.ac.rs\/?page_id=560"},"modified":"2025-09-16T12:59:00","modified_gmt":"2025-09-16T12:59:00","slug":"projects-where-the-institute-is-participant","status":"publish","type":"page","link":"https:\/\/instpsy.f.bg.ac.rs\/en\/projects-where-the-institute-is-participant\/","title":{"rendered":"Projects where the Institute is participant"},"content":{"rendered":"<strong>\u00a0<\/strong>\n<table width=\"623\">\n<tbody>\n<tr>\n<td width=\"156\">Project name:<\/td>\n<td width=\"468\"><strong>National survey of mental health after COVID-19 pandemic: Multilevel analysis of individual and societal factors<\/strong><strong>Financed by Science fund of Republic of Serbia<\/strong><\/td>\n<\/tr>\n<tr>\n<td width=\"156\">Year:<\/td>\n<td width=\"468\">2021-2022<\/td>\n<\/tr>\n<tr>\n<td width=\"156\">Status:<\/td>\n<td width=\"468\">National<\/td>\n<\/tr>\n<tr>\n<td width=\"156\">Project coordinator:<\/td>\n<td width=\"468\">prof. dr Na\u0111a Mari\u0107 Bojovi\u0107, MF UB<\/td>\n<\/tr>\n<tr>\n<td width=\"156\">Researchers:<\/td>\n<td width=\"468\">Faculty of Philosophy, University of Belgrade: dr Ljiljana Lazarevi\u0107, prof. dr Goran Kne\u017eevi\u0107, doc. dr Oliver To\u0161kovi\u0107Faculty of Philosophy, University of Novi Sad: prof. dr Ljiljana Mihi\u0107\n\nFaculty of medicine, University of Belgrade: prof. dr Milica Pejovi\u0107-Milovan\u010devi\u0107, doc. dr Olivera Vukovi\u0107, prof. dr Zorica Terzi\u0107 i ass.dr Nevena Todorovi\u0107<\/td>\n<\/tr>\n<tr>\n<td width=\"156\">Brief project description:<\/td>\n<td width=\"468\">The COVID-19 pandemic is affecting mental health (MH), and some of these effects might persist. Thus, all COVID-19 response efforts should document and understand the population&#8217;s post-pandemic MH status and needs. MH status of the population depends on factors such as proximity to the virus, current health status, and individual psychological dispositions, alongside multifaceted contextual societal factors. To the best of our knowledge, no studies involving general population samples from Serbia explored the prevalence of MH disorders in relation to public-health crises. To target the existing gap, the present interdisciplinary project aims to recruit a representative sample and to fine-tune the measures for pandemic distress. High-quality collected data will be analyzed using Multilevel Modeling, to find how post-pandemic MH disorders prevalence, COVID-19 distress, and well-being vary concerning two -level-groups of factors (level 1 &#8211; individual distress, personality; level 2 &#8211; multiple societal factors). The results could be used to build MH services according to the needs of society which recovers from the pandemic. Project is supported by Science Fund of Republic of Serbia.<\/td>\n<\/tr>\n<tr>\n<td width=\"156\">Link:<\/td>\n<td width=\"468\"><\/td>\n<\/tr>\n<\/tbody>\n<\/table>\n<strong>\u00a0<\/strong>\n<table width=\"623\">\n<tbody>\n<tr>\n<td width=\"156\">Project name:<\/td>\n<td width=\"468\"><strong>Assessment of the Functional Status of Children under 5 Years of Age: The Register of Children with Disabilities and the Professional Methodological Instructions. Institute of Public Health of Serbia &#8220;Dr Milan Jovanovi\u0107 Batut&#8221; and UNICEF.<\/strong><\/td>\n<\/tr>\n<tr>\n<td width=\"156\">Year:<\/td>\n<td width=\"468\">2021<\/td>\n<\/tr>\n<tr>\n<td width=\"156\">Status:<\/td>\n<td width=\"468\">National<\/td>\n<\/tr>\n<tr>\n<td width=\"156\">Project coordinator:<\/td>\n<td width=\"468\">Sne\u017eana Plav\u0161i\u0107 (Institut za javno zdravlje Batut)Aleksandra Jovi\u0107 (UNICEF)<\/td>\n<\/tr>\n<tr>\n<td width=\"156\">Researchers:<\/td>\n<td width=\"468\">Milica Pejovi\u0107 Milovan\u010devi\u0107, Nenad Rudi\u0107, Mirjana Mandi\u0107 Kolar, Sanja Ostoji\u0107, Sne\u017eana Gaji\u0107, Sandra Stojanovi\u0107, Marica Milidrag, Jasna Rebi\u0107 Jeli\u0107, Dragan Milju\u0161, Milena Petkovi\u0107, Marko Milanovi\u0107, Sne\u017eana Ili\u0107, Darinka An\u0111elkovi\u0107, Nada \u0160eva, Gordana \u010coli\u0107, Jelena Zajeganovi\u0107, Ana Prodavnovi\u0107, Ljiljana Simi\u0107<\/td>\n<\/tr>\n<tr>\n<td width=\"156\">Brief project description:<\/td>\n<td width=\"468\">Early identification of developmental disabilities and disorders and the provision of appropriate early interventions can reduce the severity of developmental disabilities. Otherwise, it can lead to permanent disability in the absence of intervention. Building the Register of Children with Developmental Disabilities and the Professional Methodological Instruction for its implementation enables the early identification of developmental difficulties in functioning in various developmental domains. This is an important precondition for the preparation of non-medical support from the education or social protection system which should enable the educational or wider social inclusion of the child.<\/td>\n<\/tr>\n<tr>\n<td width=\"156\">Link:<\/td>\n<td width=\"468\"><span><a href=\"https:\/\/www.unicef.org\/serbia\/polozaj-dece-sa-smetnjama-u-razvoju-pregled-nalaza\">https:\/\/www.unicef.org\/serbia\/polozaj-dece-sa-smetnjama-u-razvoju-pregled-nalaza<\/a><\/span><\/td>\n<\/tr>\n<\/tbody>\n<\/table>\n<table width=\"623\">\n<tbody>\n<tr>\n<td width=\"156\">Project name:<\/td>\n<td width=\"468\"><strong>From brain waves to memory boost: Memory enhancement by personalized frequency-modulated noninvasive brain stimulation (MEMORYST)<\/strong><\/td>\n<\/tr>\n<tr>\n<td width=\"156\">Year:<\/td>\n<td width=\"468\">2020-2022<\/td>\n<\/tr>\n<tr>\n<td width=\"156\">Status:<\/td>\n<td width=\"468\">National<\/td>\n<\/tr>\n<tr>\n<td width=\"156\">Project coordinator:<\/td>\n<td width=\"468\">Jovana Bjeki\u0107, Institute for Medical Research, University of Belgrade<\/td>\n<\/tr>\n<tr>\n<td width=\"156\">Researchers:<\/td>\n<td width=\"468\">Marko \u017divanovi\u0107, Institute of Psychology, Faculty of Philosophy, University of BelgradeDunja Paunovi\u0107, Institute for Medical Research, University of Belgrade\n\nKatarina Vuli\u0107, Institute for Medical Research, University of Belgrade\n\nUro\u0161 Konstantinovi\u0107, Institute for Medical Research, University of Belgrade\n\nSa\u0161a Filipovi\u0107, Institute for Medical Research, University of Belgrade<\/td>\n<\/tr>\n<tr>\n<td width=\"156\">Brief project description:<\/td>\n<td width=\"468\">The project aims to improve the effects of transcranial direct current stimulation (tDCS) of parieto-hippocampal cortical network on memory functions, by optimizing and personalizing stimulation protocol by adjusting tDCS oscillations to individual theta rhythm which is considered to be a neurophysiological marker of memory. The project thus aims to develop a novel frequency-modulated tDCS protocol and demonstrate its positive effects on the physiological, neurocognitive, and behavioral levels.<\/td>\n<\/tr>\n<tr>\n<td width=\"156\">Link:<\/td>\n<td width=\"468\"><a href=\"http:\/\/neuro.imi.bg.ac.rs\/en\/\" target=\"_blank\" rel=\"noopener\">http:\/\/neuro.imi.bg.ac.rs\/en\/<\/a><\/td>\n<\/tr>\n<\/tbody>\n<\/table>\n<strong>\u00a0<\/strong>\n<table width=\"623\">\n<tbody>\n<tr>\n<td width=\"156\">Project name:<\/td>\n<td width=\"468\">Boosting EOSC readiness: Creating a scalable model for capacity building in RDM<\/td>\n<\/tr>\n<tr>\n<td width=\"156\">Year:<\/td>\n<td width=\"468\">2020-2021<\/td>\n<\/tr>\n<tr>\n<td width=\"156\">Status:<\/td>\n<td width=\"468\">\u00a0International<\/td>\n<\/tr>\n<tr>\n<td width=\"156\">Project coordinator:<\/td>\n<td width=\"468\">prof. dr Nadica Miljkovi\u0107, Elektrotehni\u010dki fakultet, UB<\/td>\n<\/tr>\n<tr>\n<td width=\"156\">Researchers (optional):<\/td>\n<td width=\"468\">dr Ljiljana Lazarevi\u0107 FF UB, Milica \u0160evku\u0161i\u0107, bibliotekar u Institutu tehni\u010dkih nauka SANU, Obrad Vu\u010dkovac, bibliotekar u Institutu za nuklearne nauke \u201cVin\u010da\u201d,i\u00a0 Vladimir Ota\u0161evi\u0107 iz Ra\u010dunarskog centra Univerziteta u Beogradu.<\/td>\n<\/tr>\n<tr>\n<td width=\"156\">Brief project description:<\/td>\n<td width=\"468\"><\/td>\n<\/tr>\n<tr>\n<td width=\"156\">Link:<\/td>\n<td width=\"468\">https:\/\/rdm.open.ac.rs\/index.php<\/td>\n<\/tr>\n<\/tbody>\n<\/table>\n<table width=\"623\">\n<tbody>\n<tr>\n<td width=\"156\">Project name:<\/td>\n<td width=\"468\">CA18106 The neural architecture of consciousness<\/td>\n<\/tr>\n<tr>\n<td width=\"156\">Year:<\/td>\n<td width=\"468\">2019-2023<\/td>\n<\/tr>\n<tr>\n<td width=\"156\">Status:<\/td>\n<td width=\"468\">\u00a0International<\/td>\n<\/tr>\n<tr>\n<td width=\"156\">Project coordinator:<\/td>\n<td width=\"468\">Kristian Sandberg, Aarhus University, Denmark<\/td>\n<\/tr>\n<tr>\n<td width=\"156\">Researchers (optional):<\/td>\n<td width=\"468\"><u>Serbian research team:<\/u>Jovana Bjeki\u0107, Institute for Medical Research, University of Belgrade\n\nMarko \u017divanovi\u0107, Institute of Psychology, Faculty of Philosophy, University of Belgrade\n\nDunja Paunovi\u0107, Institute for Medical Research, University of Belgrade\n\nKatarina Vuli\u0107, Institute for Medical Research, University of Belgrade\n\nUro\u0161 Konstantinovi\u0107, Institute for Medical Research, University of Belgrade\n\nSa\u0161a Filipovi\u0107, Institute for Medical Research, University of Belgrade<\/td>\n<\/tr>\n<tr>\n<td width=\"156\">Brief project description:<\/td>\n<td width=\"468\">The project aims to explore the neural underpinnings of consciousness through large scale multicenter studies that focus on collecting MRI data alongside a wide spectrum of behavioural outcomes to build predictive models for normal and pathological cognitive functioning.<\/td>\n<\/tr>\n<tr>\n<td width=\"156\">Link:<\/td>\n<td width=\"468\">https:\/\/neuralarchcon.org\/about.html<\/td>\n<\/tr>\n<\/tbody>\n<\/table>\n<strong>\u00a0<\/strong>\n<table width=\"623\">\n<tbody>\n<tr>\n<td width=\"156\">Project name:<\/td>\n<td width=\"468\">VOICE FOR EVERY CHILD: Introduction of C-board augmentative and alternative communication technologies (AACT) for young children with complex speech and communication disabilities. UNICEF Global Innovation Fund. The UNICEF Global and Regional Offices.<\/td>\n<\/tr>\n<tr>\n<td width=\"156\">Year:<\/td>\n<td width=\"468\"><\/td>\n<\/tr>\n<tr>\n<td width=\"156\">Status:<\/td>\n<td width=\"468\">International<\/td>\n<\/tr>\n<tr>\n<td width=\"156\">Project coordinator:<\/td>\n<td width=\"468\">Mirjana Lazor<\/td>\n<\/tr>\n<tr>\n<td width=\"156\">Researchers (optional):<\/td>\n<td width=\"468\">Ve\u0107i broj saradnika iz Hrvatske, Srbije i Crne GoreIz Srbije: \u0160pela Golubovi\u0107, Sne\u017eana Ili\u0107, Nenad Glumbi\u0107, Mirjana \u0110or\u0111evi\u0107, Sanela Slankovi\u0107, Nata\u0161a \u0110erkovi\u0107, Ana Had\u017ei\u0107, Danijela Vuki\u0107evi\u0107, Milka Glavonji\u0107,\u00a0 Darinka An\u0111elkovi\u0107, Olja Jovanovi\u0107, Ljiljana Simi\u0107, Nevena Ivkovi\u0107, Dragana Koruga, Jelena Zajeganovi\u0107 \u2026<\/td>\n<\/tr>\n<tr>\n<td width=\"156\">Brief project description:<\/td>\n<td width=\"468\">Introducing augmentative and alternative communication technologies (AAKT) for young children with complex speech and communication disabilities.The main objectives: a) providing a communication board (C-board) as a form of support for children with complex speech and communication disabilities in order to overcome frustration in communication, learning and development of mental functions, primarily speech and communication with completely free access to software for use, both in technical terms (for all devices and operating systems\/programs), and in terms of further upgrades and individual adjustments at the individual user (child\/family) level; b) training professionals in the health care system and in pre-school and other levels of education to continually improve communicators and the broader, individualized, evidence-based application of assistive technologies within child and family support services and programs.<\/td>\n<\/tr>\n<tr>\n<td width=\"156\">Link:<\/td>\n<td width=\"468\"><span><a href=\"https:\/\/www.cboard.io\/sr\/\">https:\/\/www.cboard.io\/sr\/<\/a><\/span><span><a href=\"https:\/\/www.cboard.io\/cboard\/unicef\/europe\/2020\/07\/15\/cboard-user-testing-in-croatia-montenegro-serbia\/\">https:\/\/www.cboard.io\/cboard\/unicef\/europe\/2020\/07\/15\/cboard-user-testing-in-croatia-montenegro-serbia\/<\/a><\/span><\/td>\n<\/tr>\n<\/tbody>\n<\/table>\n<strong>\u00a0<\/strong>\n<table width=\"623\">\n<tbody>\n<tr>\n<td width=\"156\">Project name:<\/td>\n<td width=\"468\">COST Action IS 1406: <em>Enhancing children&#8217;s oral language skills across Europe and beyond &#8211; A collaboration focusing on interventions for children with difficulties learning their first language. <\/em>Supported by European Science Foundation COST Office.<\/td>\n<\/tr>\n<tr>\n<td width=\"156\">Year:<\/td>\n<td width=\"468\">2015-2019<\/td>\n<\/tr>\n<tr>\n<td width=\"156\">Status:<\/td>\n<td width=\"468\">International<\/td>\n<\/tr>\n<tr>\n<td width=\"156\">Project coordinator:<\/td>\n<td width=\"468\">James Law, Elin Thordardottir, Federica Ortelli, Rose Cruz Santos<\/td>\n<\/tr>\n<tr>\n<td width=\"156\">Researchers (optional):<\/td>\n<td width=\"468\">A large number of researchers from European countriesFrom Serbia: Darinka An\u0111elkovi\u0107, Maja Savi\u0107<\/td>\n<\/tr>\n<tr>\n<td width=\"156\">Brief project description:<\/td>\n<td width=\"468\">Oral language (speaking and understanding) is critical to children&#8217;s development, affecting the emergence of personal, social and academic skills throughout school and into the workplace. Most children acquire such skills effortlessly but a sizeable proportion, those with Language Impairment (LI), do not. LI affects 5.8 million children and young people (0-18 years) across Europe. There is evidence for the efficacy and effectiveness of intervention to improve the language skills of these children but this information is not well disseminated and services are inconsistent across Europe. This Action will enhance the science in the field, improve the effectiveness of services for children with LI and develop a sustainable network of researchers well placed to answer the key questions in this area.<\/td>\n<\/tr>\n<tr>\n<td width=\"156\">Link:<\/td>\n<td width=\"468\"><span><a href=\"https:\/\/www.cost.eu\/actions\/IS1406\/#tabs%7CName:overview\">https:\/\/www.cost.eu\/actions\/IS1406\/#tabs|Name:overview<\/a><\/span><span><a href=\"https:\/\/research.ncl.ac.uk\/echo\/\">ECHO; ECHO; Newcastle University (ncl.ac.uk)<\/a><\/span><\/td>\n<\/tr>\n<\/tbody>\n<\/table>\n<table width=\"623\">\n<tbody>\n<tr>\n<td width=\"156\">Project name:<\/td>\n<td width=\"468\">Collaboration of aphasia trialists (CATs)<\/td>\n<\/tr>\n<tr>\n<td width=\"156\">Year:<\/td>\n<td width=\"468\">2013-sada<\/td>\n<\/tr>\n<tr>\n<td width=\"156\">Status:<\/td>\n<td width=\"468\">International<\/td>\n<\/tr>\n<tr>\n<td width=\"156\">Project coordinator:<\/td>\n<td width=\"468\">Marian Brady, Glasgow Caledonian University, UK<\/td>\n<\/tr>\n<tr>\n<td width=\"156\">Researchers (optional):<\/td>\n<td width=\"468\"><u>Serbian research team:<\/u>Sa\u0161a Filipovi\u0107, Institute for Medical Research, University of Belgrade Jovana Bjeki\u0107, Institute for Medical Research, University of Belgrade\n\nMarko \u017divanovi\u0107, Institute of Psychology, Faculty of Philosophy, University of Belgrade\n\nJasmina Vuksanovi\u0107, Institute for Medical Research, University of Belgrade<\/td>\n<\/tr>\n<tr>\n<td width=\"156\">Brief project description:<\/td>\n<td width=\"468\">The project seeks to improve our understanding of aphasia as it relates to predictors and prognosis, intervention effectiveness and social impact and re-integration for people with aphasia. It works to increase the availability and validity of multilingual assessments and outcome measures relating to aphasia. In this way the collaboration supports international research activities and increase the availability of clinical tools for people with aphasia who do not speak English and their healthcare professionals.<\/td>\n<\/tr>\n<tr>\n<td width=\"156\">Link:<\/td>\n<td width=\"468\">http:\/\/www.aphasiatrials.org\/<\/td>\n<\/tr>\n<\/tbody>\n<\/table>\n<strong>\u00a0<\/strong>\n<table width=\"623\">\n<tbody>\n<tr>\n<td width=\"156\">Project name:<\/td>\n<td width=\"468\">Evolution<em> of Semantic Systems.<\/em> Max Planck Insitutute for Psycholinguistics, Nijmegen, Netherland.<\/td>\n<\/tr>\n<tr>\n<td width=\"156\">Year:<\/td>\n<td width=\"468\">2012-2014<\/td>\n<\/tr>\n<tr>\n<td width=\"156\">Status:<\/td>\n<td width=\"468\">International<\/td>\n<\/tr>\n<tr>\n<td width=\"156\">Project coordinator:<\/td>\n<td width=\"468\">Michael Dunn, Fiona Jordan, Asifa Majid<\/td>\n<\/tr>\n<tr>\n<td width=\"156\">Researchers (optional):<\/td>\n<td width=\"468\">A large number of researchers from different countries<\/td>\n<\/tr>\n<tr>\n<td width=\"156\">Brief project description:<\/td>\n<td width=\"468\">The Evolution of Semantic Systems (EoSS) project investigates how meanings vary over space and change over time. It is focused on different kinds of categories: containers (kinds of objects), colour (attributes of objects), body parts (parts of objects), and spatial relations (how objects are related to one another). These choices are motivated by the following questions: How variable are semantic categories across languages? Are categories of relations between objects more cross-linguistically variable than simple categories of objects? Are the categories of attributes more stable than those of parts? What is the variation in the patterns and processes of historical change of different classes of semantic categories? Our focus is on one aspect of meaning, namely extensional semantics, i.e., how similar, or different, are the referential ranges (\u201cboundaries\u201d) of words across languages.<\/td>\n<\/tr>\n<tr>\n<td width=\"156\">Link:<\/td>\n<td width=\"468\"><span><a href=\"http:\/\/eoss.nl\/\">http:\/\/eoss.nl\/<\/a><\/span><u>\u00a0<\/u>\n\n<span><a href=\"https:\/\/www.universiteitleiden.nl\/en\/events\/2014\/lucl-colloquium-michael-dunn\">https:\/\/www.universiteitleiden.nl\/en\/events\/2014\/lucl-colloquium-michael-dunn<\/a><\/span><\/td>\n<\/tr>\n<\/tbody>\n<\/table>\n<strong>\u00a0<\/strong>\n<table width=\"623\">\n<tbody>\n<tr>\n<td width=\"156\">Project name:<\/td>\n<td width=\"468\">Fundamental cognitive processes and functions, No. ON179033.<\/td>\n<\/tr>\n<tr>\n<td width=\"156\">Year:<\/td>\n<td width=\"468\">2011-2020<\/td>\n<\/tr>\n<tr>\n<td width=\"156\">Status:<\/td>\n<td width=\"468\">National<\/td>\n<\/tr>\n<tr>\n<td width=\"156\">Project coordinator:<\/td>\n<td width=\"468\">Dejan Todorovi\u0107<\/td>\n<\/tr>\n<tr>\n<td width=\"156\">Researchers (optional):<\/td>\n<td width=\"468\">Associates of the Laboratory of Experimental Psychology, Faculty of Philosophy UB and Faculty of Philosophy Novi Sad<\/td>\n<\/tr>\n<tr>\n<td width=\"156\">Brief project description:<\/td>\n<td width=\"468\">The research is grouped within two subprojects. The first belongs to the psychology of visual perception, and its subtopics are: a. color and lighting perception, b. crossmodal interaction in space observation, v. perception of the third dimension in images, and d. subjective experience of images. The second belongs to the domain of psycholinguistic research, and its subtopics are: a. cognitive processing of lexicon and grammar of the Serbian language, b. Language development and reading literacy, c. diachronic changes in the Serbian language, and d. decision making in conditions of risk.<\/td>\n<\/tr>\n<tr>\n<td width=\"156\">Link:<\/td>\n<td width=\"468\"><\/td>\n<\/tr>\n<\/tbody>\n<\/table>\n<strong>\u00a0<\/strong>\n<table width=\"623\">\n<tbody>\n<tr>\n<td width=\"156\">Project name:<\/td>\n<td width=\"468\"><em>COST Action IS0804: Language Impairement in a Mutilingual Society: Linguistic Patterns and the Road to Assessment. <\/em>Supported by European Science Foundation COST Office.<\/td>\n<\/tr>\n<tr>\n<td width=\"156\">Year:<\/td>\n<td width=\"468\">2009-2013<\/td>\n<\/tr>\n<tr>\n<td width=\"156\">Status:<\/td>\n<td width=\"468\">International<\/td>\n<\/tr>\n<tr>\n<td width=\"156\">Project coordinator:<\/td>\n<td width=\"468\">Sharon Armon-Lotem, Jan de Jong<\/td>\n<\/tr>\n<tr>\n<td width=\"156\">Researchers (optional):<\/td>\n<td width=\"468\">A large number of researchers from European contriesFrom Serbia: Jasmina Vuksanovi\u0107, Jovana Bjeki\u0107, Marko \u017divanovi\u0107, Darinka An\u0111elkovi\u0107, Maja Savi\u0107, Ma\u0161a Popovi\u0107<\/td>\n<\/tr>\n<tr>\n<td width=\"156\">Brief project description:<\/td>\n<td width=\"468\">The main objective of this Action is to profile bilingual Specific Language Impairment (SLI) by establishing a network to coordinate research on linguistic and cognitive abilities of bilingual children with SLI across different migrant communities.<\/td>\n<\/tr>\n<tr>\n<td width=\"156\">Link:<\/td>\n<td width=\"468\"><span><a href=\"https:\/\/www.cost.eu\/actions\/IS0804\/#tabs%7CName:overview\">https:\/\/www.cost.eu\/actions\/IS0804\/#tabs|Name:overview<\/a><\/span><\/td>\n<\/tr>\n<\/tbody>\n<\/table>\n<strong>\u00a0<\/strong>\n<table width=\"623\">\n<tbody>\n<tr>\n<td width=\"156\">Project name:<\/td>\n<td width=\"468\"><em>COST Action A33: Cross-linguistically robust stages of children\u2019s linguistic performance with applicatios to the diagnosis of specific language impairment<\/em>. Supported by COST Office, European Science Foundation<\/td>\n<\/tr>\n<tr>\n<td width=\"156\">Year:<\/td>\n<td width=\"468\">2006-2010<\/td>\n<\/tr>\n<tr>\n<td width=\"156\">Status:<\/td>\n<td width=\"468\">International<\/td>\n<\/tr>\n<tr>\n<td width=\"156\">Project coordinator:<\/td>\n<td width=\"468\">Ulrich Sauerland, Heather K.J. van der Lely<\/td>\n<\/tr>\n<tr>\n<td width=\"156\">Researchers (optional):<\/td>\n<td width=\"468\">A large number of researchers from 23 European countriesFrom Serbia: Darinka An\u0111elkovi\u0107, Nade\u017eda Krsti\u0107, Maja Savi\u0107<\/td>\n<\/tr>\n<tr>\n<td width=\"156\">Brief project description:<\/td>\n<td width=\"468\">The main objective of the Action is to discover methods that can be used for diagnosing language problems in children of school-entry (age 5 to 6) in all European languages. The main objective is structured into two milestones that are accomplished after two and after four years respectively. Recommendations can be made concerning linguistic properties along with suitable test methods that can be used to develop cross-linguistic tests for language problems and language impairment in children.<\/td>\n<\/tr>\n<tr>\n<td width=\"156\">Link:<\/td>\n<td width=\"468\"><span><a href=\"https:\/\/www.cost.eu\/actions\/A33\/#tabs+Name:Description\">https:\/\/www.cost.eu\/actions\/A33\/#tabs+Name:Description<\/a><\/span><\/td>\n<\/tr>\n<\/tbody>\n<\/table>\n<strong>\u00a0<\/strong>","protected":false},"excerpt":{"rendered":"<p>\u00a0 Project name: National survey of mental health after COVID-19 pandemic: Multilevel analysis of individual and societal factorsFinanced by Science fund of Republic of Serbia Year: 2021-2022 Status: National Project coordinator: prof. dr Na\u0111a Mari\u0107 Bojovi\u0107, MF UB Researchers: Faculty&hellip; <\/p>\n","protected":false},"author":1,"featured_media":0,"parent":0,"menu_order":0,"comment_status":"closed","ping_status":"closed","template":"","meta":{"_uag_custom_page_level_css":"","footnotes":""},"class_list":["post-560","page","type-page","status-publish","hentry"],"translation":{"provider":"WPGlobus","version":"3.0.0","language":"en","enabled_languages":["sr","en"],"languages":{"sr":{"title":true,"content":true,"excerpt":false},"en":{"title":true,"content":true,"excerpt":false}}},"uagb_featured_image_src":{"full":false,"thumbnail":false,"medium":false,"medium_large":false,"large":false,"news_plugin_small":false,"news_plugin_full":false,"1536x1536":false,"2048x2048":false,"blog-large":false,"blog-medium":false,"recent-thumb":false,"service-featured":false,"rb-resume-thumbnail":false},"uagb_author_info":{"display_name":"instpsyfil","author_link":"https:\/\/instpsy.f.bg.ac.rs\/en\/author\/instpsyfil\/"},"uagb_comment_info":0,"uagb_excerpt":"\u00a0 Project name: National survey of mental health after COVID-19 pandemic: Multilevel analysis of individual and societal factorsFinanced by Science fund of Republic of Serbia Year: 2021-2022 Status: National Project coordinator: prof. dr Na\u0111a Mari\u0107 Bojovi\u0107, MF UB Researchers: Faculty&hellip;","_links":{"self":[{"href":"https:\/\/instpsy.f.bg.ac.rs\/en\/wp-json\/wp\/v2\/pages\/560","targetHints":{"allow":["GET"]}}],"collection":[{"href":"https:\/\/instpsy.f.bg.ac.rs\/en\/wp-json\/wp\/v2\/pages"}],"about":[{"href":"https:\/\/instpsy.f.bg.ac.rs\/en\/wp-json\/wp\/v2\/types\/page"}],"author":[{"embeddable":true,"href":"https:\/\/instpsy.f.bg.ac.rs\/en\/wp-json\/wp\/v2\/users\/1"}],"replies":[{"embeddable":true,"href":"https:\/\/instpsy.f.bg.ac.rs\/en\/wp-json\/wp\/v2\/comments?post=560"}],"version-history":[{"count":5,"href":"https:\/\/instpsy.f.bg.ac.rs\/en\/wp-json\/wp\/v2\/pages\/560\/revisions"}],"predecessor-version":[{"id":1195,"href":"https:\/\/instpsy.f.bg.ac.rs\/en\/wp-json\/wp\/v2\/pages\/560\/revisions\/1195"}],"wp:attachment":[{"href":"https:\/\/instpsy.f.bg.ac.rs\/en\/wp-json\/wp\/v2\/media?parent=560"}],"curies":[{"name":"wp","href":"https:\/\/api.w.org\/{rel}","templated":true}]}}