{"id":31,"date":"2019-07-21T10:44:45","date_gmt":"2019-07-21T10:44:45","guid":{"rendered":"http:\/\/instpsy.f.bg.ac.rs\/?page_id=31"},"modified":"2026-03-12T14:30:05","modified_gmt":"2026-03-12T14:30:05","slug":"researchers","status":"publish","type":"page","link":"https:\/\/instpsy.f.bg.ac.rs\/en\/researchers\/","title":{"rendered":"Researchers"},"content":{"rendered":"<div class=\"row\"><!-- row start -->\n<div class=\"column\"><a href=\"zora-krnjaic\">\n<div class=\"card\">\n<div class=\"istrazivac_slika\"><img decoding=\"async\" src=\"http:\/\/instpsy.f.bg.ac.rs\/wp-content\/uploads\/2022\/02\/Zora_Krnjaic.jpg\" style=\"width: 100%;\" \/><\/div>\n<div class=\"container\">\n<h4>Zora Krnjai\u0107<\/h4>\n<\/div>\n<\/div>\n<\/a><\/div>\n<!-- column end -->\n<div class=\"column\"><a href=\"darinka-andelkovic\">\n<div class=\"card\">\n<div class=\"istrazivac_slika\"><img decoding=\"async\" src=\"http:\/\/instpsy.f.bg.ac.rs\/wp-content\/uploads\/2022\/02\/Darinka_Andelkovic.jpg\" style=\"width: 100%;\" \/><\/div>\n<div class=\"container\">\n<h4>Darinka An\u0111elkovi\u0107<\/h4>\n<\/div>\n<\/div>\n<\/a><\/div>\n<!-- column end -->\n<div class=\"column\"><a href=\"ljiljana-lazarevic\">\n<div class=\"card\">\n<div class=\"istrazivac_slika\"><img decoding=\"async\" src=\"http:\/\/instpsy.f.bg.ac.rs\/wp-content\/uploads\/2025\/03\/Ljiljana-Lazarevic.jpg\" style=\"width: 100%;\" \/><\/div>\n<div class=\"container\">\n<h4>Ljiljana Lazarevi\u0107<\/h4>\n<\/div>\n<\/div>\n<\/a><\/div>\n<!-- column end -->\n<div class=\"column\"><a href=\"natasa-simic\">\n<div class=\"card\">\n<div class=\"istrazivac_slika\"><img loading=\"lazy\" decoding=\"async\" src=\"http:\/\/instpsy.f.bg.ac.rs\/wp-content\/uploads\/2026\/03\/Natasa-Simic-1-1-236x300.jpg\" alt=\"\" width=\"236\" height=\"300\" class=\"alignnone size-medium wp-image-1394\" srcset=\"https:\/\/instpsy.f.bg.ac.rs\/wp-content\/uploads\/2026\/03\/Natasa-Simic-1-1-236x300.jpg 236w, https:\/\/instpsy.f.bg.ac.rs\/wp-content\/uploads\/2026\/03\/Natasa-Simic-1-1.jpg 300w\" sizes=\"auto, (max-width: 236px) 100vw, 236px\" \/><\/div>\n<div class=\"container\">\n<h4>Nata\u0161a Simi\u0107<\/h4>\n<\/div>\n<\/div>\n<\/a><\/div>\n<!-- column end -->\n<div class=\"column\"><a href=\"marina-videnovic\">\n<div class=\"card\">\n<div class=\"istrazivac_slika\"><img decoding=\"async\" src=\"http:\/\/instpsy.f.bg.ac.rs\/wp-content\/uploads\/2025\/04\/Marina-Videnovic_slika300.jpg\" style=\"width: 100%;\" \/><\/div>\n<div class=\"container\">\n<h4>Marina Videnovi\u0107<\/h4>\n<\/div>\n<\/div>\n<\/a><\/div>\n<!-- column end -->\n<div class=\"column\"><a href=\"marko-zivanovic\">\n<div class=\"card\">\n<div class=\"istrazivac_slika\"><img decoding=\"async\" src=\"http:\/\/instpsy.f.bg.ac.rs\/wp-content\/uploads\/2022\/02\/Marko_Zivanovic.jpg\" style=\"width: 100%;\" \/><\/div>\n<div class=\"container\">\n<h4>Marko \u017divanovi\u0107<\/h4>\n<\/div>\n<\/div>\n<\/a><\/div>\n<!-- column end -->\n<div class=\"column\"><a href=\"milana-rajic\">\n<div class=\"card\">\n<div class=\"istrazivac_slika\"><img decoding=\"async\" src=\"http:\/\/instpsy.f.bg.ac.rs\/wp-content\/uploads\/2022\/02\/Milana_Rajic.jpg\" style=\"width: 100%;\" \/><\/div>\n<div class=\"container\">\n<h4>Milana Raji\u0107<\/h4>\n<\/div>\n<\/div>\n<\/a><\/div>\n<!-- column end -->\n<div class=\"column\">\n<div class=\"card\"><a href=\"kristina-mojovic\">\n<div class=\"istrazivac_slika\"><img loading=\"lazy\" decoding=\"async\" src=\"http:\/\/instpsy.f.bg.ac.rs\/wp-content\/uploads\/2025\/10\/Kristina-Mojovic-Zdravkovic-45-1-1-236x300.jpg\" alt=\"\" width=\"236\" height=\"300\" class=\"alignnone size-medium wp-image-1215\" srcset=\"https:\/\/instpsy.f.bg.ac.rs\/wp-content\/uploads\/2025\/10\/Kristina-Mojovic-Zdravkovic-45-1-1-236x300.jpg 236w, https:\/\/instpsy.f.bg.ac.rs\/wp-content\/uploads\/2025\/10\/Kristina-Mojovic-Zdravkovic-45-1-1.jpg 300w\" sizes=\"auto, (max-width: 236px) 100vw, 236px\" \/><\/div>\n<\/a>\n<div class=\"container\">\n<h4>Kristina Mojovi\u0107 Zdravkovi\u0107<\/h4>\n<\/div>\n<\/div>\n<a href=\"kristina-mojovic\"><\/a>\n\n<\/div>\n<!-- column end -->\n<div class=\"column\"><a href=\"teodora-vuletic-joksimovic\">\n<div class=\"card\">\n<div class=\"istrazivac_slika\"><img decoding=\"async\" src=\"http:\/\/instpsy.f.bg.ac.rs\/wp-content\/uploads\/2025\/03\/slika_Teodora.jpg\" style=\"width: 100%;\" \/><\/div>\n<div class=\"container\">\n<h4>Teodora Vuleti\u0107 Joksimovi\u0107<\/h4>\n<\/div>\n<\/div>\n<\/a><a href=\"teodora-vuletic-joksimovic\"><\/a><a href=\"http:\/\/instpsy.f.bg.ac.rs\/wp-content\/uploads\/2025\/10\/Snimak-ekrana-2025-10-24-035618-1-1.png\"><\/a>\n\n<\/div>\n<!-- column end -->\n<div class=\"column\"><a href=\"zaposleni-u-prethodnom-periodu\">\n<div class=\"card\">\n<div class=\"istrazivac_slika\"><img loading=\"lazy\" decoding=\"async\" src=\"http:\/\/instpsy.f.bg.ac.rs\/wp-content\/uploads\/2025\/10\/Snimak-ekrana-2025-10-24-035618-1-1-236x300.png\" alt=\"\" width=\"236\" height=\"300\" class=\"alignnone size-medium wp-image-1299\" srcset=\"https:\/\/instpsy.f.bg.ac.rs\/wp-content\/uploads\/2025\/10\/Snimak-ekrana-2025-10-24-035618-1-1-236x300.png 236w, https:\/\/instpsy.f.bg.ac.rs\/wp-content\/uploads\/2025\/10\/Snimak-ekrana-2025-10-24-035618-1-1.png 300w\" sizes=\"auto, (max-width: 236px) 100vw, 236px\" \/><\/div>\n<div class=\"container\">\n<h4>Zaposleni u prethodnom periodu<\/h4>\n<\/div>\n<\/div>\n<\/a><\/div>\n<!-- column end -->\n<!-- row end -->\n\n<\/div>","protected":false},"excerpt":{"rendered":"<p>Zora Krnjai\u0107 Darinka An\u0111elkovi\u0107 Ljiljana Lazarevi\u0107 Nata\u0161a Simi\u0107 Marina Videnovi\u0107 Marko \u017divanovi\u0107 Milana Raji\u0107 Kristina Mojovi\u0107 Zdravkovi\u0107 Teodora Vuleti\u0107 Joksimovi\u0107 Zaposleni u prethodnom periodu<\/p>\n","protected":false},"author":1,"featured_media":0,"parent":0,"menu_order":0,"comment_status":"closed","ping_status":"closed","template":"","meta":{"_uag_custom_page_level_css":"","footnotes":""},"class_list":["post-31","page","type-page","status-publish","hentry"],"translation":{"provider":"WPGlobus","version":"3.0.0","language":"en","enabled_languages":["sr","en"],"languages":{"sr":{"title":true,"content":true,"excerpt":false},"en":{"title":true,"content":false,"excerpt":false}}},"uagb_featured_image_src":{"full":false,"thumbnail":false,"medium":false,"medium_large":false,"large":false,"news_plugin_small":false,"news_plugin_full":false,"1536x1536":false,"2048x2048":false,"blog-large":false,"blog-medium":false,"recent-thumb":false,"service-featured":false,"rb-resume-thumbnail":false},"uagb_author_info":{"display_name":"instpsyfil","author_link":"https:\/\/instpsy.f.bg.ac.rs\/en\/author\/instpsyfil\/"},"uagb_comment_info":0,"uagb_excerpt":"Zora Krnjai\u0107 Darinka An\u0111elkovi\u0107 Ljiljana Lazarevi\u0107 Nata\u0161a Simi\u0107 Marina Videnovi\u0107 Marko \u017divanovi\u0107 Milana Raji\u0107 Kristina Mojovi\u0107 Zdravkovi\u0107 Teodora Vuleti\u0107 Joksimovi\u0107 Zaposleni u prethodnom periodu","_links":{"self":[{"href":"https:\/\/instpsy.f.bg.ac.rs\/en\/wp-json\/wp\/v2\/pages\/31","targetHints":{"allow":["GET"]}}],"collection":[{"href":"https:\/\/instpsy.f.bg.ac.rs\/en\/wp-json\/wp\/v2\/pages"}],"about":[{"href":"https:\/\/instpsy.f.bg.ac.rs\/en\/wp-json\/wp\/v2\/types\/page"}],"author":[{"embeddable":true,"href":"https:\/\/instpsy.f.bg.ac.rs\/en\/wp-json\/wp\/v2\/users\/1"}],"replies":[{"embeddable":true,"href":"https:\/\/instpsy.f.bg.ac.rs\/en\/wp-json\/wp\/v2\/comments?post=31"}],"version-history":[{"count":118,"href":"https:\/\/instpsy.f.bg.ac.rs\/en\/wp-json\/wp\/v2\/pages\/31\/revisions"}],"predecessor-version":[{"id":1395,"href":"https:\/\/instpsy.f.bg.ac.rs\/en\/wp-json\/wp\/v2\/pages\/31\/revisions\/1395"}],"wp:attachment":[{"href":"https:\/\/instpsy.f.bg.ac.rs\/en\/wp-json\/wp\/v2\/media?parent=31"}],"curies":[{"name":"wp","href":"https:\/\/api.w.org\/{rel}","templated":true}]}}