{"id":302,"date":"2022-01-26T09:22:19","date_gmt":"2022-01-26T09:22:19","guid":{"rendered":"https:\/\/instpsy.f.bg.ac.rs\/?page_id=302"},"modified":"2022-10-01T11:50:10","modified_gmt":"2022-10-01T11:50:10","slug":"marko-zivanovic","status":"publish","type":"page","link":"https:\/\/instpsy.f.bg.ac.rs\/en\/marko-zivanovic\/","title":{"rendered":"Marko \u017divanovi\u0107"},"content":{"rendered":"<!-- \/wp:shortcode -->\r\n\r\n<!-- wp:paragraph -->\r\n<style type=\"text\/css\">\n            #resume-972.rb-template-container { max-width: 100% !important; margin-left: auto; margin-right: auto; }            #resume-972 .rbt-header-wrapper { border-color: rgba( 0, 0, 0, 0.2 ); }\n            #resume-972.rb-template-container { background: transparent !important; box-sizing: border-box; padding: 0 !important; }                                                @media screen and (max-width: 900px) {\n                #resume-972.rb-template-container {\n                    padding:45px !important;\n                }\n            }\n        <\/style><section id=\"resume-972\" class=\"rb-template-container\"><div class=\"rb-template-default\"><div class=\"rbt-header-wrapper\"><style type=\"text\/css\">\n\t#rb-template-377 .rbt-header .rbt-name,\n\t#rb-template-377 .rbt-header .rbt-title { color:#000000; }\n\t#rb-template-377 .rbt-header .rb-button { background:#980000; }\n\t#rb-template-377 .rbt-header .rb-button:hover { background:#000000; }\n\t#rb-template-377 .rbt-header > .rbt-photo { width: 200px; height: 200px; }\n<\/style>\n\n<div id=\"rb-template-377\" class=\"rb-template-default\">\n\t<section class=\"rbt-header rb-resume-has-photo\">\n\n\t\t\t\t\n\t\t\t\t\t<div class=\"rbt-photo\" style=\"background-image: url( 'https:\/\/instpsy.f.bg.ac.rs\/wp-content\/uploads\/2022\/02\/Marko_Zivanovic.jpg' )\">&nbsp;<\/div>\n\t\t\t\n\t\t\t\n\t\t<div class=\"rbt-name\">Marko \u017divanovi\u0107<\/div>\n\t\n\t\t\t\n\t\t<div class=\"rbt-title\">-<\/div>\t\t\n\t\t<div class=\"rbt-attachment\"><a target=\"_blank\" href=\"http:\/\/instpsy.f.bg.ac.rs\/wp-content\/uploads\/2025\/04\/Marko-Z\u030civanovic\u0301-CV.pdf\" class=\"rb-button\"><svg width=\"24\" height=\"24\" fill=\"none\" viewBox=\"0 0 24 24\">\n\t\t<path stroke=\"currentColor\" stroke-linecap=\"round\" stroke-linejoin=\"round\" stroke-width=\"1.5\" d=\"M7.75 19.25H16.25C17.3546 19.25 18.25 18.3546 18.25 17.25V9L14 4.75H7.75C6.64543 4.75 5.75 5.64543 5.75 6.75V17.25C5.75 18.3546 6.64543 19.25 7.75 19.25Z\"><\/path>\n\t\t<path stroke=\"currentColor\" stroke-linecap=\"round\" stroke-linejoin=\"round\" stroke-width=\"1.5\" d=\"M18 9.25H13.75V5\"><\/path>\n\t\t<path stroke=\"currentColor\" stroke-linecap=\"round\" stroke-linejoin=\"round\" stroke-width=\"1.5\" d=\"M9.75 15.25H14.25\"><\/path>\n\t\t<path stroke=\"currentColor\" stroke-linecap=\"round\" stroke-linejoin=\"round\" stroke-width=\"1.5\" d=\"M9.75 12.25H14.25\"><\/path>\n\t\t<\/svg>&nbsp;CV<\/a><\/div> \n\t\n\t\t\t\n\t<\/section>\n<\/div><style type=\"text\/css\">\n\t\t#rb-template-307 .rbt-contact-info,\n\t\t#rb-template-307 .rbt-ci-block { border-color: rgba( 0, 0, 0, 0.2 ); }\n\t\t#rb-template-307 .rbt-contact-info a { color:#980000; }\n\t\t#rb-template-307 .rbt-contact-info svg path { stroke:#000000; }\n\t\t#rb-template-307 .rbt-contact-info,\n\t\t#rb-template-307 .rbt-contact-info a:hover { color:#000000; }\t\n\t<\/style><div id=\"rb-template-307\" class=\"rb-template-default\"><div class=\"rbt-contact-info\"><div class=\"rbt-ci-block\"><div><\/div><div><a href=\"mailto:&#109;&#097;rk&#111;.ziv&#097;&#110;&#111;&#118;&#105;&#099;&#064;&#102;.&#098;&#103;.ac&#046;&#114;&#115;\">m&#097;r&#107;o&#046;z&#105;&#118;a&#110;&#111;v&#105;&#099;&#064;f.b&#103;.&#097;&#099;&#046;&#114;s<\/a><\/div><\/div><\/div><\/div><\/div><div class=\"rbt-body\"><div class=\"rbt-column full\"><style type=\"text\/css\">\n\t\t#rb-template-941 .rbt-introduction { color:#000000; }\n\t<\/style>\n\t\n\t<div id=\"rb-template-941\" class=\"rb-template-default\">\n\t\t<div class=\"rbt-introduction\"><p><a href=\"https:\/\/orcid.org\/0000-0001-7048-5187\" rel=\"noopener noreferrer\" target=\"_blank\">https:\/\/orcid.org\/0000-0001-7048-5187<\/a><\/p><p><br><\/p><\/div>\t<\/div><style type=\"text\/css\">\n\t\t#rb-template-868,\n\t\t#rb-template-868 .rbt-history-blocks .rbt-history-block { color: #000000; }\n\t\t#rb-template-868 .rbt-section-heading { color: #980000; }\n\t\t#rb-template-868 .rbt-history-blocks .rbt-history-block > div::before { background: #000000; }\n\t\t#rb-template-868 .rbt-history-blocks .rbt-history-place-time > span::after { background: #000000; }\n\t\t#rb-template-868 .rbt-history-blocks .rbt-history-block .rbt-history-job-degree:after { background: #980000; }\n\t<\/style><div id=\"rb-template-868\" class=\"rb-template-default\"><div class=\"rbt-section-heading\">EDUCATION<\/div><div class=\"rbt-history-blocks\"><div class=\"rbt-history-block\"><div class=\"rbt-history-job-degree\">PhD in Psychology<\/div><div class=\"rbt-history-place-time\"><span class=\"rbt-history-company-school\">Department of Psychology, Faculty of Philosophy, University of Belgrade<\/span><span class=\"rbt-history-dates\">2019<\/span><\/div><div class=\"rbt-history-description\"><ul><li>Supervisor: prof. dr Goran Opa\u010di\u0107<\/li><li>Co-supervisor: prof. dr Sa\u0161a Filipovi\u0107<\/li><li>PhD thesis: <em>The effects of transcranial neuromodulation of fronto-parietal functional network on higher cognitive functions<\/em><\/li><\/ul><\/div><\/div><div class=\"rbt-history-block\"><div class=\"rbt-history-job-degree\">Master in psychology<\/div><div class=\"rbt-history-place-time\"><span class=\"rbt-history-company-school\">Department of Psychology, Faculty of Philosophy, University of Belgrade<\/span><span class=\"rbt-history-dates\">2013<\/span><\/div><div class=\"rbt-history-description\"><ul><li>Supervisor: prof. dr Goran Opa\u010di\u0107<\/li><\/ul><\/div><\/div><div class=\"rbt-history-block\"><div class=\"rbt-history-job-degree\">Undergraduate studies<\/div><div class=\"rbt-history-place-time\"><span class=\"rbt-history-company-school\">Department of Psychology, Faculty of Philosophy, University of Belgrade<\/span><span class=\"rbt-history-dates\">2012<\/span><\/div><\/div><\/div><div class=\"rbt-section-heading\">CAREER<\/div><div class=\"rbt-history-blocks\"><div class=\"rbt-history-block\"><div class=\"rbt-history-job-degree\">Senior Research Associate<\/div><div class=\"rbt-history-place-time\"><span class=\"rbt-history-company-school\">Institute of Psychology, Faculty of Philosophy, University of Belgrade<\/span><span class=\"rbt-history-dates\">2024<\/span><\/div><\/div><div class=\"rbt-history-block\"><div class=\"rbt-history-job-degree\">Research Associate<\/div><div class=\"rbt-history-place-time\"><span class=\"rbt-history-company-school\">Institute of Psychology, Faculty of Philosophy, University of Belgrade<\/span><span class=\"rbt-history-dates\">2020<\/span><\/div><\/div><div class=\"rbt-history-block\"><div class=\"rbt-history-job-degree\">Research Assistant<\/div><div class=\"rbt-history-place-time\"><span class=\"rbt-history-company-school\">Institute of Psychology, Faculty of Philosophy, University of Belgrade<\/span><span class=\"rbt-history-dates\">2018<\/span><\/div><\/div><div class=\"rbt-history-block\"><div class=\"rbt-history-job-degree\">Junior Research Assistant<\/div><div class=\"rbt-history-place-time\"><span class=\"rbt-history-company-school\">Institute of Psychology, Faculty of Philosophy, University of Belgrade<\/span><span class=\"rbt-history-dates\">2016<\/span><\/div><\/div><\/div><div class=\"rbt-section-heading\">RESEARCH INTERESTS<\/div><div class=\"rbt-text-content\"><ul>\n<li><span style=\"color: black\">individual differences<\/span><\/li>\n<li><span style=\"color: black\">neuroscience<\/span><\/li>\n<li><span style=\"color: black\">psychometrics<\/span><\/li>\n<li><span style=\"color: black\">personality psychology<\/span><\/li>\n<\/ul>\n<\/div><div class=\"rbt-section-heading\">SELECTED PUBLICATIONS<\/div><div class=\"rbt-text-content\"><p><span style=\"background-color: transparent\">\u017divanovi\u0107, M., &amp; Bjeki\u0107, J. (2023). <\/span><em style=\"background-color: transparent\">Transkranijalna elektri\u010dna stimulacija u kognitivnim neuronaukama. <\/em><span style=\"background-color: transparent\">Beograd: Institut za psihologiju. ISBN: 978-86-6427-280-3 <\/span><a href=\"https:\/\/reff.f.bg.ac.rs\/handle\/123456789\/5769\" rel=\"noopener noreferrer\" target=\"_blank\" style=\"background-color: transparent\">https:\/\/reff.f.bg.ac.rs\/handle\/123456789\/5769<\/a><\/p>\n<p><span style=\"background-color: transparent\">\u017divanovi\u0107, M., Bjeki\u0107, J., Konstantinovi\u0107, U., &amp; Filipovi\u0107, S. R. (2022). Effects of online parietal transcranial electric stimulation on associative memory: a direct comparison between tDCS, theta tACS, and theta\u2011oscillatory tDCS. <\/span><em style=\"background-color: transparent\">Scientific Reports, 12<\/em><span style=\"background-color: transparent\">:14091. <\/span><a href=\"https:\/\/doi.org\/10.1038\/s41598-022-18376-5\" rel=\"noopener noreferrer\" target=\"_blank\" style=\"background-color: transparent\">https:\/\/doi.org\/10.1038\/s41598-022-18376-5<\/a><\/p>\n<p><span style=\"background-color: transparent\">Luki\u0107, P., &amp; \u017divanovi\u0107, M. (2021). Shedding light on the Light Triad: Further evidence on structural, construct, and predictive validity of the Light Triad. <\/span><em style=\"background-color: transparent\">Personality and Individual Differences, 178<\/em><span style=\"background-color: transparent\">:110876. <\/span><a href=\"https:\/\/doi.org\/10.1016\/j.paid.2021.110876\" rel=\"noopener noreferrer\" target=\"_blank\" style=\"background-color: transparent\">https:\/\/doi.org\/10.1016\/j.paid.2021.110876<\/a><\/p>\n<p><span style=\"background-color: transparent\">\u017divanovi\u0107, M., Paunovi\u0107, D., Konstantinovi\u0107, U., Vuli\u0107, K., Bjeki\u0107, J., &amp; Filipovi\u0107 S. R. (2021). The effects of offline and online prefrontal vs parietal transcranial direct current stimulation (tDCS) on verbal and spatial working memory. <\/span><em style=\"background-color: transparent\">Neurobiology of Learning and Memory, 179<\/em><span style=\"background-color: transparent\">:107398. <\/span><a href=\"https:\/\/doi.org\/10.1016\/j.nlm.2021.107398\" rel=\"noopener noreferrer\" target=\"_blank\" style=\"background-color: transparent\">https:\/\/doi.org\/10.1016\/j.nlm.2021.107398<\/a><\/p>\n<p><span style=\"background-color: transparent\">Lazarevi\u0107, Lj. B., Bjeki\u0107, J., \u017divanovi\u0107, M., &amp; Kne\u017eevi\u0107, G. (2020). Ambulatory assessment of language use: Evidence on the temporal stability of Electronically Activated Recorder and stream of consciousness data. <\/span><em style=\"background-color: transparent\">Behavior Research Methods, 52<\/em><span style=\"background-color: transparent\">, 1817\u20131835. <\/span><a href=\"https:\/\/doi.org\/10.3758\/s13428-020-01361-z\" rel=\"noopener noreferrer\" target=\"_blank\" style=\"background-color: transparent\">https:\/\/doi.org\/10.3758\/s13428-020-01361-z<\/a><\/p>\n<p><span style=\"background-color: transparent\">Bjeki\u0107, J., \u010coli\u0107, M. V., \u017divanovi\u0107, M., Milanovi\u0107, S. D., &amp; Filipovi\u0107, S. R. (2019). Transcranial direct current stimulation (tDCS) over parietal cortex improves associative memory. <\/span><em style=\"background-color: transparent\">Neurobiology of Learning and Memory, 157<\/em><span style=\"background-color: transparent\">, 114-120. <\/span><a href=\"https:\/\/doi.org\/10.1016\/j.nlm.2018.12.007\" rel=\"noopener noreferrer\" target=\"_blank\" style=\"background-color: transparent\">https:\/\/doi.org\/10.1016\/j.nlm.2018.12.007<\/a><\/p>\n<p><span style=\"background-color: transparent\">Bjeki\u0107, J., \u017divanovi\u0107, M., Puri\u0107, D., Oosterman, J.M., &amp; Filipovi\u0107, S.R. (2017). Pain and executive functions: a unique relationship between Stroop task and experimentally induced pain. <\/span><em style=\"background-color: transparent\">Psychological Research,<\/em><span style=\"background-color: transparent\"> <\/span><em style=\"background-color: transparent\">82<\/em><span style=\"background-color: transparent\">, 580-589. doi:10.1007\/s00426-016-0838-2<\/span><\/p>\n<p><a href=\"https:\/\/scholar.google.com\/citations?user=oN_2u9cAAAAJ&amp;hl=en\" rel=\"noopener noreferrer\" target=\"_blank\" style=\"color: blue\">Google Scholar<\/a><\/p>\n<p><a href=\"https:\/\/www.researchgate.net\/profile\/Marko_Zivanovic3\" rel=\"noopener noreferrer\" target=\"_blank\" style=\"color: blue\">ResearchGate<\/a><\/p>\n<\/div><div class=\"rbt-section-heading\">SELECTED RESEARCH PROJECTS<\/div><div class=\"rbt-text-content\"><p><span style=\"background-color: transparent\">2022\u20132025: Twinning for Excellence in Noninvasive Brain Stimulation in Western Balkans (TWINNIBS) (<\/span><a href=\"https:\/\/twinnibs.imi.bg.ac.rs\/\" rel=\"noopener noreferrer\" target=\"_blank\" style=\"background-color: transparent\">link<\/a><span style=\"background-color: transparent\">)<\/span><\/p>\n<p><span style=\"background-color: transparent\">2022\u20132025: Irrational mindset as a conceptual bridge from psychological dispositions to questionable health practices (REASON4HEALTH) (<\/span><a href=\"https:\/\/reasonforhealth.f.bg.ac.rs\/sr\/\" rel=\"noopener noreferrer\" target=\"_blank\" style=\"background-color: transparent\">link<\/a><span style=\"background-color: transparent\">)<\/span><\/p>\n<p><span style=\"background-color: transparent\">2020\u20132022: From brain waves to memory boost: Memory enhancement by personalized frequency-modulated noninvasive brain stimulation (MEMORYST) (<\/span><a href=\"http:\/\/neuro.imi.bg.ac.rs\/en\/\" rel=\"noopener noreferrer\" target=\"_blank\" style=\"background-color: transparent\">link<\/a><span style=\"background-color: transparent\">)<\/span><\/p>\n<p><span style=\"background-color: transparent\">2019\u20132023: Cost Action CA18106: The neural architecture of consciousness (<\/span><a href=\"https:\/\/www.cost.eu\/actions\/CA18106\/#tabs%7CName:overview\" rel=\"noopener noreferrer\" target=\"_blank\" style=\"background-color: transparent\">link<\/a><span style=\"background-color: transparent\">)<\/span><\/p>\n<p><span style=\"background-color: transparent\">2016\u20132020: Identifikacija, merenje i razvoj kognitivnih i emocionalnih kompetencija va\u017enih dru\u0161tvu orijentisanom na evropske integracije<\/span><\/p>\n<p><\/p>\n<p><\/p>\n<\/div><\/div><\/div><\/div><\/div><\/section>\r\n<!-- \/wp:paragraph -->","protected":false},"excerpt":{"rendered":"","protected":false},"author":1,"featured_media":0,"parent":0,"menu_order":0,"comment_status":"closed","ping_status":"closed","template":"","meta":{"_uag_custom_page_level_css":"","footnotes":""},"class_list":["post-302","page","type-page","status-publish","hentry"],"translation":{"provider":"WPGlobus","version":"3.0.0","language":"en","enabled_languages":["sr","en"],"languages":{"sr":{"title":true,"content":true,"excerpt":false},"en":{"title":true,"content":true,"excerpt":false}}},"uagb_featured_image_src":{"full":false,"thumbnail":false,"medium":false,"medium_large":false,"large":false,"news_plugin_small":false,"news_plugin_full":false,"1536x1536":false,"2048x2048":false,"blog-large":false,"blog-medium":false,"recent-thumb":false,"service-featured":false,"rb-resume-thumbnail":false},"uagb_author_info":{"display_name":"instpsyfil","author_link":"https:\/\/instpsy.f.bg.ac.rs\/en\/author\/instpsyfil\/"},"uagb_comment_info":0,"uagb_excerpt":null,"_links":{"self":[{"href":"https:\/\/instpsy.f.bg.ac.rs\/en\/wp-json\/wp\/v2\/pages\/302","targetHints":{"allow":["GET"]}}],"collection":[{"href":"https:\/\/instpsy.f.bg.ac.rs\/en\/wp-json\/wp\/v2\/pages"}],"about":[{"href":"https:\/\/instpsy.f.bg.ac.rs\/en\/wp-json\/wp\/v2\/types\/page"}],"author":[{"embeddable":true,"href":"https:\/\/instpsy.f.bg.ac.rs\/en\/wp-json\/wp\/v2\/users\/1"}],"replies":[{"embeddable":true,"href":"https:\/\/instpsy.f.bg.ac.rs\/en\/wp-json\/wp\/v2\/comments?post=302"}],"version-history":[{"count":5,"href":"https:\/\/instpsy.f.bg.ac.rs\/en\/wp-json\/wp\/v2\/pages\/302\/revisions"}],"predecessor-version":[{"id":913,"href":"https:\/\/instpsy.f.bg.ac.rs\/en\/wp-json\/wp\/v2\/pages\/302\/revisions\/913"}],"wp:attachment":[{"href":"https:\/\/instpsy.f.bg.ac.rs\/en\/wp-json\/wp\/v2\/media?parent=302"}],"curies":[{"name":"wp","href":"https:\/\/api.w.org\/{rel}","templated":true}]}}