{"id":1341,"date":"2026-01-14T23:42:18","date_gmt":"2026-01-14T23:42:18","guid":{"rendered":"https:\/\/instpsy.f.bg.ac.rs\/?page_id=1341"},"modified":"2026-03-13T10:49:52","modified_gmt":"2026-03-13T10:49:52","slug":"merni-instrumenti","status":"publish","type":"page","link":"https:\/\/instpsy.f.bg.ac.rs\/en\/merni-instrumenti\/","title":{"rendered":"the commission for the licensing of psychological measurement instruments"},"content":{"rendered":"<p data-start=\"0\" data-end=\"238\"><strong>The Commission for the Licensing of Psychological Measurement Instruments<\/strong> was established in 2014 by a decision of the Executive Board of the Psychological Society of Serbia and the Scientific Council of the Institute of Psychology. The first term of the Commission (2014\u20132024) comprised Dr Dragica Pavlovi\u0107 Babi\u0107, Dr Jovan Miri\u0107, Dr Ivana Petrovi\u0107, Dr Goran Opa\u010di\u0107, and Dr Ljiljana Lazarevi\u0107.<\/p><p data-start=\"240\" data-end=\"750\" data-is-last-node=\"\" data-is-only-node=\"\">In 2024, the Teaching and Scientific Council of the Faculty of Philosophy, University of Belgrade, elected the current Commission, which consists of: Dr Ljiljana Lazarevi\u0107, Principal Research Fellow (Faculty of Philosophy, University of Belgrade; Chair of the Commission),<br \/>Prof. Dr Bojana Dini\u0107 (Faculty of Philosophy, University of Novi Sad),<br \/>Prof. Dr Ivana Pedovi\u0107 (Faculty of Philosophy, University of Ni\u0161),<br \/>Prof. Dr Danka Puri\u0107 (Faculty of Philosophy, University of Belgrade),<br \/>Prof. Dr Predrag Teovanovi\u0107 (FASPER, University of Belgrade).<br \/>MA Kristina Mojovi\u0107 Zdravkovi\u0107, a Research Associate (Faculty of Philosophy, University of Belgrade), Secretary of the Commission.<br \/><br \/><strong>Contact:<\/strong> <a data-start=\"129\" data-end=\"152\" data-is-only-node=\"\" class=\"decorated-link cursor-pointer\" rel=\"noopener\">komisija.pmi@f.bg.ac.rs <\/a>and <a data-start=\"157\" data-end=\"179\" class=\"decorated-link cursor-pointer\" rel=\"noopener\">komisija.pmi@gmail.com <\/a>(please send your email to both addresses)<\/p><table style=\"border-collapse: collapse; width: 91.6978%; height: 1635px;\"><tbody><tr style=\"height: 23px;\"><td style=\"text-align: center; height: 23px; width: 175.031%;\" colspan=\"4\"><span style=\"font-size: 14pt;\"><strong>List of Psychological Measurement Instruments Approved Prior to the Establishment of the Commission<\/strong><\/span><\/td><\/tr><tr style=\"height: 23px;\"><td style=\"width: 33.3333%; height: 23px;\"><strong>Instrument<\/strong><\/td><td style=\"width: 33.3333%; height: 23px;\"><strong>Author(s)\/Editor(s)<\/strong><\/td><td style=\"width: 16.6667%; height: 23px;\"><strong>Publisher<\/strong><\/td><td style=\"width: 91.698%; height: 23px;\"><strong>Date of approval<\/strong><\/td><\/tr><tr style=\"height: 55px;\"><td width=\"170\" style=\"width: 33.3333%; height: 55px;\"><p><em>HEDONIKA 3<\/em><\/p><\/td><td width=\"170\" style=\"width: 33.3333%; height: 55px;\"><p>Goran Kne\u017eevi\u0107<\/p><\/td><td width=\"170\" style=\"width: 16.6667%; height: 55px;\"><p>Totalassessment d.o.o.<\/p><\/td><td width=\"170\" style=\"width: 91.698%; height: 55px;\"><p>19.2.2009.<\/p><\/td><\/tr><tr style=\"height: 79px;\"><td width=\"170\" style=\"width: 33.3333%; height: 79px;\"><p><em>Velikih pet plus dva<\/em><\/p><\/td><td width=\"170\" style=\"width: 33.3333%; height: 79px;\"><p>Sne\u017eana Smederevac, Du\u0161anka Mitrovi\u0107 i Petar \u010colovi\u0107<\/p><\/td><td width=\"170\" style=\"width: 16.6667%; height: 79px;\"><p>Centar za primenjenu psihologiju<\/p><\/td><td width=\"170\" style=\"width: 91.698%; height: 79px;\"><p>4.3.2010.<\/p><\/td><\/tr><tr style=\"height: 79px;\"><td width=\"170\" style=\"width: 33.3333%; height: 79px;\"><p><em>Test zrelosti za \u0161kolu (pro\u0161irena verzija)<\/em><\/p><\/td><td width=\"170\" style=\"width: 33.3333%; height: 79px;\"><p>Zdenka Novovi\u0107, Miklo\u0161 Biro, Aleksandar Baucal i Sne\u017eana Tovilovi\u0107<\/p><\/td><td width=\"170\" style=\"width: 16.6667%; height: 79px;\"><p>Centar za primenjenu psihologiju<\/p><\/td><td width=\"170\" style=\"width: 91.698%; height: 79px;\"><p>1.9.2011.<\/p><\/td><\/tr><tr style=\"height: 79px;\"><td width=\"170\" style=\"width: 33.3333%; height: 79px;\"><p><em>Test profesionalnih opredeljenja 3<\/em><\/p><\/td><td width=\"170\" style=\"width: 33.3333%; height: 79px;\"><p>Petar Kosti\u0107, Aleksandra Vlaji\u0107 i Du\u0161an Ran\u0111elovi\u0107<\/p><\/td><td width=\"170\" style=\"width: 16.6667%; height: 79px;\"><p>Centar za primenjenu psihologiju<\/p><\/td><td width=\"170\" style=\"width: 91.698%; height: 79px;\"><p>9.9.2011.<\/p><\/td><\/tr><tr style=\"height: 27px;\"><td style=\"width: 175.031%; height: 27px; text-align: center;\" colspan=\"4\"><span style=\"font-size: 14pt;\"><strong>List of Psychological Measurement Instruments Approved by the Commission (2014 \u2013 present)<\/strong><\/span><\/td><\/tr><tr style=\"height: 23px;\"><td style=\"width: 33.3333%; height: 23px;\"><strong>Instrument<\/strong><\/td><td style=\"width: 33.3333%; height: 23px;\"><strong>Author(s)\/Editor(s)<\/strong><\/td><td style=\"width: 16.6667%; height: 23px;\"><strong>Publisher<\/strong><\/td><td style=\"width: 91.698%; height: 23px;\"><strong>Date of approval<\/strong><\/td><\/tr><tr style=\"height: 79px;\"><td width=\"227\" style=\"width: 33.3333%; height: 79px;\"><p>16 faktora li\u010dnosti (16PF)<\/p><\/td><td width=\"265\" style=\"width: 33.3333%; height: 79px;\"><p>Du\u0161anka Mitrovi\u0107, Sne\u017eana Smederevac i <br \/>Petar \u010colovi\u0107<\/p><\/td><td width=\"170\" style=\"width: 16.6667%; height: 79px;\"><p>Sinapsa Edicije d.o.o.<\/p><\/td><td width=\"123\" style=\"width: 91.698%; height: 79px;\"><p>11.6.2015.<\/p><\/td><\/tr><tr style=\"height: 79px;\"><td width=\"227\" style=\"width: 33.3333%; height: 79px;\"><p>Rejov test slo\u017eene figure i zadatak<br \/><span style=\"font-family: inherit; font-size: inherit;\">prepoznavanja (RCFT)<\/span><\/p><\/td><td width=\"265\" style=\"width: 33.3333%; height: 79px;\"><p>Ivana Leposavi\u0107<\/p><\/td><td width=\"170\" style=\"width: 16.6667%; height: 79px;\"><p>Sinapsa Edicije d.o.o.<\/p><\/td><td width=\"123\" style=\"width: 91.698%; height: 79px;\"><p>11.6.2015.<\/p><\/td><\/tr><tr style=\"height: 55px;\"><td width=\"227\" style=\"width: 33.3333%; height: 55px;\"><p>Inventar za procenu li\u010dnosti (PAI-2)<\/p><\/td><td width=\"265\" style=\"width: 33.3333%; height: 55px;\"><p>Dragana \u0110uri\u0107 Joci\u0107 i Vladimir Borovnica<\/p><\/td><td width=\"170\" style=\"width: 16.6667%; height: 55px;\"><p>Sinapsa Edicije d.o.o.<\/p><\/td><td width=\"123\" style=\"width: 91.698%; height: 55px;\"><p>8.2.2016.<\/p><\/td><\/tr><tr style=\"height: 55px;\"><td width=\"227\" style=\"width: 33.3333%; height: 55px;\"><p>Test op\u0161te informisanosti (TOI-SE)<\/p><\/td><td width=\"265\" style=\"width: 33.3333%; height: 55px;\"><p>Bojan Jani\u010di\u0107 i Bojana Dini\u0107<\/p><\/td><td width=\"170\" style=\"width: 16.6667%; height: 55px;\"><p>Sinapsa Edicije d.o.o.<\/p><\/td><td width=\"123\" style=\"width: 91.698%; height: 55px;\"><p>16.9.2016.<\/p><\/td><\/tr><tr style=\"height: 79px;\"><td width=\"227\" style=\"width: 33.3333%; height: 79px;\"><p>Upitnik psihopatologije adolescenata &#8211; ADOLESCENT<\/p><\/td><td width=\"265\" style=\"width: 33.3333%; height: 79px;\"><p>Miklo\u0161 Biro, Zdenka Novovi\u0107 i Maja Jev\u0111evi\u0107 Milutinovi\u0107<\/p><\/td><td width=\"170\" style=\"width: 16.6667%; height: 79px;\"><p>Centar za primenjenu psihologiju<\/p><\/td><td width=\"123\" style=\"width: 91.698%; height: 79px;\"><p>15.12.2016.<\/p><\/td><\/tr><tr style=\"height: 79px;\"><td width=\"227\" style=\"width: 33.3333%; height: 79px;\"><p>Baterija upitnika socijalne prilago\u0111enosti &#8211; SOCIO 4<\/p><\/td><td width=\"265\" style=\"width: 33.3333%; height: 79px;\"><p>Konstantin Momirovi\u0107, Zvonimir D\u017eamonja i Tamara D\u017eamonja Ignjatovi\u0107<\/p><\/td><td width=\"170\" style=\"width: 16.6667%; height: 79px;\"><p>Centar za primenjenu psihologiju<\/p><\/td><td width=\"123\" style=\"width: 91.698%; height: 79px;\"><p>9.2.2018.<\/p><\/td><\/tr><tr style=\"height: 55px;\"><td width=\"227\" style=\"width: 33.3333%; height: 55px;\"><p>Test nizova (TN)<\/p><\/td><td width=\"265\" style=\"width: 33.3333%; height: 55px;\"><p>Vid Poga\u010dnik<\/p><\/td><td width=\"170\" style=\"width: 16.6667%; height: 55px;\"><p>Sinapsa Edicije d.o.o.<\/p><\/td><td width=\"123\" style=\"width: 91.698%; height: 55px;\"><p>27.4.2018.<\/p><\/td><\/tr><tr style=\"height: 79px;\"><td width=\"227\" style=\"width: 33.3333%; height: 79px;\"><p>Bekov inventar depresije &#8211; drugo izdanje <br \/>(BDI-II)<\/p><\/td><td width=\"265\" style=\"width: 33.3333%; height: 79px;\"><p>Ljiljana Mihi\u0107 i Zdenka Novovi\u0107<\/p><\/td><td width=\"170\" style=\"width: 16.6667%; height: 79px;\"><p>Sinapsa Edicije d.o.o.<\/p><\/td><td width=\"123\" style=\"width: 91.698%; height: 79px;\"><p>6.3.2019.<\/p><\/td><\/tr><tr style=\"height: 79px;\"><td width=\"227\" style=\"width: 33.3333%; height: 79px;\"><p>Velikih pet plus dva (VP+2), verzija za decu<\/p><\/td><td width=\"265\" style=\"width: 33.3333%; height: 79px;\"><p>Jasmina Kod\u017eopelji\u0107, Sne\u017eana Smederevac, Du\u0111anka Mitrovi\u0107, Petar \u010colovi\u0107 i Dejan Paji\u0107<\/p><\/td><td width=\"170\" style=\"width: 16.6667%; height: 79px;\"><p>Centar za primenjenu psihologiju<\/p><\/td><td width=\"123\" style=\"width: 91.698%; height: 79px;\"><p>19.7.2019.<\/p><\/td><\/tr><tr style=\"height: 79px;\"><td width=\"227\" style=\"width: 33.3333%; height: 79px;\"><p>Wechslerova skala za procenu inteligencije <br \/>kod odraslih \u2013 \u010detvrto izdanje (WAIS-IV-SR)<\/p><\/td><td width=\"265\" style=\"width: 33.3333%; height: 79px;\"><p>Marija Miti\u0107, Goran Kne\u017eevi\u0107 i Ljiljana Lazarevi\u0107<\/p><\/td><td width=\"170\" style=\"width: 16.6667%; height: 79px;\"><p>Sinapsa Edicije d.o.o.<\/p><\/td><td width=\"123\" style=\"width: 91.698%; height: 79px;\"><p>9.12.2021.<\/p><\/td><\/tr><tr style=\"height: 55px;\"><td width=\"227\" style=\"width: 33.3333%; height: 55px;\"><p>Wechslerova skala pam\u0107enja (WMS-IV-SR)<\/p><\/td><td width=\"265\" style=\"width: 33.3333%; height: 55px;\"><p>Ljiljana Lazarevi\u0107, Marija Miti\u0107 i Goran Kne\u017eevi\u0107<\/p><\/td><td width=\"170\" style=\"width: 16.6667%; height: 55px;\"><p>Sinapsa Edicije d.o.o.<\/p><\/td><td width=\"123\" style=\"width: 91.698%; height: 55px;\"><p>8.9.2022.<\/p><\/td><\/tr><tr style=\"height: 55px;\"><td width=\"227\" style=\"width: 33.3333%; height: 55px;\"><p>Inventar motivacije za postignu\u0107e (AMI)<\/p><\/td><td width=\"265\" style=\"width: 33.3333%; height: 55px;\"><p>Ivana Kova\u010devi\u0107<\/p><\/td><td width=\"170\" style=\"width: 16.6667%; height: 55px;\"><p>Sinapsa Edicije d.o.o.<\/p><\/td><td width=\"123\" style=\"width: 91.698%; height: 55px;\"><p>17.11.2022.<\/p><\/td><\/tr><tr style=\"height: 79px;\"><td width=\"227\" style=\"width: 33.3333%; height: 79px;\"><p>Bohumski inventar za opis li\u010dnosti u radnom okru\u017eenju (BIP)<\/p><\/td><td width=\"265\" style=\"width: 33.3333%; height: 79px;\"><p>Ivana B. Petrovi\u0107<\/p><\/td><td width=\"170\" style=\"width: 16.6667%; height: 79px;\"><p>Sinapsa Edicije d.o.o.<\/p><\/td><td width=\"123\" style=\"width: 91.698%; height: 79px;\"><p>5.10.2023.<\/p><\/td><\/tr><tr style=\"height: 103px;\"><td width=\"227\" style=\"width: 33.3333%; height: 103px;\"><p>Dodatak normama za Test nizova <br \/>(forma TN-20)<\/p><\/td><td width=\"265\" style=\"width: 33.3333%; height: 103px;\"><p>Ministarstvo odbrane, Sektor za ljudske resurse, Uprava za kadrove (Milo\u0161 Risti\u0107 i Uro\u0161 Miljkovi\u0107)<\/p><\/td><td width=\"170\" style=\"width: 16.6667%; height: 103px;\"><p>Za internu upotrebu Ministarstva odbrane i Vojske Republike Srbije<\/p><\/td><td width=\"123\" style=\"width: 91.698%; height: 103px;\"><p>23.4.2025.<\/p><\/td><\/tr><tr style=\"height: 79px;\"><td width=\"227\" style=\"width: 33.3333%; height: 79px;\"><p>Bekov inventar za mlade &#8211; drugo izdanje <br \/>(BYI-II)<\/p><\/td><td width=\"265\" style=\"width: 33.3333%; height: 79px;\"><p>Nata\u0161a Bari\u0161i\u0107<\/p><\/td><td width=\"170\" style=\"width: 16.6667%; height: 79px;\"><p>Sinapsa Edicije d.o.o.<\/p><\/td><td width=\"123\" style=\"width: 91.698%; height: 79px;\"><p>8.5.2025.<\/p><\/td><\/tr><tr style=\"height: 79px;\"><td width=\"227\" style=\"width: 33.3333%; height: 79px;\"><p>Inventar za procenu crta li\u010dnosti dece i adolescenata HEDONCA-DM<\/p><\/td><td width=\"265\" style=\"width: 33.3333%; height: 79px;\"><p>Goran Opa\u010di\u0107, Goran Kne\u017eevi\u0107 i Violeta An\u0111elkovi\u0107<\/p><\/td><td width=\"170\" style=\"width: 16.6667%; height: 79px;\"><p>Totalassessment d.o.o.<\/p><\/td><td width=\"123\" style=\"width: 91.698%; height: 79px;\"><p>25.8.2025.<\/p><\/td><\/tr><tr style=\"height: 79px;\"><td width=\"227\" style=\"width: 33.3333%; height: 79px;\"><p>Inventar psihopatologije (IP)<\/p><\/td><td width=\"265\" style=\"width: 33.3333%; height: 79px;\"><p>Miklo\u0161 Biro i Dragan \u017duljevi\u0107<\/p><\/td><td width=\"170\" style=\"width: 16.6667%; height: 79px;\"><p>Centar za primenjenu psihologiju<\/p><\/td><td width=\"123\" style=\"width: 91.698%; height: 79px;\"><p>17.9.2025.<\/p><\/td><\/tr><\/tbody><\/table>","protected":false},"excerpt":{"rendered":"<p>The Commission for the Licensing of Psychological Measurement Instruments was established in 2014 by a decision of the Executive Board of the Psychological Society of Serbia and the Scientific Council of the Institute of Psychology. The first term of the&hellip; <\/p>\n","protected":false},"author":4,"featured_media":0,"parent":0,"menu_order":0,"comment_status":"closed","ping_status":"closed","template":"","meta":{"_uag_custom_page_level_css":"","footnotes":""},"class_list":["post-1341","page","type-page","status-publish","hentry"],"translation":{"provider":"WPGlobus","version":"3.0.0","language":"en","enabled_languages":["sr","en"],"languages":{"sr":{"title":true,"content":true,"excerpt":false},"en":{"title":true,"content":true,"excerpt":false}}},"uagb_featured_image_src":{"full":false,"thumbnail":false,"medium":false,"medium_large":false,"large":false,"news_plugin_small":false,"news_plugin_full":false,"1536x1536":false,"2048x2048":false,"blog-large":false,"blog-medium":false,"recent-thumb":false,"service-featured":false,"rb-resume-thumbnail":false},"uagb_author_info":{"display_name":"dodatni_admin","author_link":"https:\/\/instpsy.f.bg.ac.rs\/en\/author\/dodatni_admin\/"},"uagb_comment_info":0,"uagb_excerpt":"The Commission for the Licensing of Psychological Measurement Instruments was established in 2014 by a decision of the Executive Board of the Psychological Society of Serbia and the Scientific Council of the Institute of Psychology. The first term of the&hellip;","_links":{"self":[{"href":"https:\/\/instpsy.f.bg.ac.rs\/en\/wp-json\/wp\/v2\/pages\/1341","targetHints":{"allow":["GET"]}}],"collection":[{"href":"https:\/\/instpsy.f.bg.ac.rs\/en\/wp-json\/wp\/v2\/pages"}],"about":[{"href":"https:\/\/instpsy.f.bg.ac.rs\/en\/wp-json\/wp\/v2\/types\/page"}],"author":[{"embeddable":true,"href":"https:\/\/instpsy.f.bg.ac.rs\/en\/wp-json\/wp\/v2\/users\/4"}],"replies":[{"embeddable":true,"href":"https:\/\/instpsy.f.bg.ac.rs\/en\/wp-json\/wp\/v2\/comments?post=1341"}],"version-history":[{"count":19,"href":"https:\/\/instpsy.f.bg.ac.rs\/en\/wp-json\/wp\/v2\/pages\/1341\/revisions"}],"predecessor-version":[{"id":1401,"href":"https:\/\/instpsy.f.bg.ac.rs\/en\/wp-json\/wp\/v2\/pages\/1341\/revisions\/1401"}],"wp:attachment":[{"href":"https:\/\/instpsy.f.bg.ac.rs\/en\/wp-json\/wp\/v2\/media?parent=1341"}],"curies":[{"name":"wp","href":"https:\/\/api.w.org\/{rel}","templated":true}]}}