{"id":1143,"date":"2025-05-21T16:05:54","date_gmt":"2025-05-21T16:05:54","guid":{"rendered":"https:\/\/instpsy.f.bg.ac.rs\/?page_id=1143"},"modified":"2025-05-21T16:08:46","modified_gmt":"2025-05-21T16:08:46","slug":"dokumenti-u-vezi-sa-kreiranjem-i-analizom-javnih-politika","status":"publish","type":"page","link":"https:\/\/instpsy.f.bg.ac.rs\/en\/dokumenti-u-vezi-sa-kreiranjem-i-analizom-javnih-politika\/","title":{"rendered":"Dokumenti u vezi sa kreiranjem i analizom javnih politika"},"content":{"rendered":"<p><b>Videnovi\u0107, M.,\u00a0<\/b><span style=\"font-weight: 400;\">\u010capri\u0107, G. (2024). PISA studija 2018: nacionalni izve\u0161taj. Ministratsvo prosvete, nauke i tehnolo\u0161kog razvoja. <a href=\"https:\/\/ceo.edu.rs\/wp-content\/uploads\/2022\/11\/PISA-izvestaj-2018.pdf\">https:\/\/ceo.edu.rs\/wp-content\/uploads\/2022\/11\/PISA-izvestaj-2018.pdf<\/a><\/span><\/p><p><b>An\u0111elkovi\u0107, D.<\/b><span style=\"font-weight: 400;\">, \u010coli\u0107, G., Gaji\u0107, S., Ili\u0107, S., Jovi\u0107, A., Mandi\u0107 Kolar, M., Milanovi\u0107, M., Milidrag, M., Milju\u0161, D., Ostoji\u0107, S., Pejovi\u0107 Milovan\u010devi\u0107, M., Petkovi\u0107 Milenovi\u0107, M., Plav\u0161i\u0107, S., Prodanovi\u0107, A., Rebi\u0107 Jeli\u0107, J., Rudi\u0107, N., Simi\u0107, Lj., Stojanovi\u0107, S., \u0160eva, N., Zajeganovi\u0107 Jakovljevi\u0107, J. (2021). Registar dece sa smetnjama u razvoju. Stru\u010dno-metodolo\u0161ko uputstvo za primenu Registra [Register for children with developmental disabilities. Professional and methodological instructions for the use of the Register]. Institut za javno zdravlje Srbije \u201cDr Milan Jovanovi\u0107 Batut\u201d ISBN 978-86-7358-118-7. <\/span><a href=\"https:\/\/www.unicef.org\/serbia\/media\/20291\/file\/Registar%20dece%20sa%20smetnjama%20u%20razvoju.pdf\"><span style=\"font-weight: 400;\">https:\/\/www.unicef.org\/serbia\/media\/20291\/file\/Registar%20dece%20sa%20smetnjama%20u%20razvoju.pdf<\/span><\/a><\/p><p><span style=\"font-weight: 400;\">Institut za psihologiju. (2022). <\/span><i><span style=\"font-weight: 400;\">Obrazovanje tokom pandemije Kovid-19 u Srbiji: kvalitativna studija<\/span><\/i><span style=\"font-weight: 400;\">[Education during Covid-19 pandemic in Serbia: A qualitative study]. Univerzitet u Beogradu &#8211; Filozofski fakultet.<\/span><a href=\"http:\/\/reff.f.bg.ac.rs\/handle\/123456789\/4546\"> <span style=\"font-weight: 400;\">http:\/\/reff.f.bg.ac.rs\/handle\/123456789\/4546<\/span><\/a><\/p>","protected":false},"excerpt":{"rendered":"<p>Videnovi\u0107, M.,\u00a0\u010capri\u0107, G. (2024). PISA studija 2018: nacionalni izve\u0161taj. Ministratsvo prosvete, nauke i tehnolo\u0161kog razvoja. https:\/\/ceo.edu.rs\/wp-content\/uploads\/2022\/11\/PISA-izvestaj-2018.pdfAn\u0111elkovi\u0107, D., \u010coli\u0107, G., Gaji\u0107, S., Ili\u0107, S., Jovi\u0107, A., Mandi\u0107 Kolar, M., Milanovi\u0107, M., Milidrag, M., Milju\u0161, D., Ostoji\u0107, S., Pejovi\u0107 Milovan\u010devi\u0107, M., Petkovi\u0107&hellip; <\/p>\n","protected":false},"author":1,"featured_media":0,"parent":0,"menu_order":0,"comment_status":"closed","ping_status":"closed","template":"","meta":{"_uag_custom_page_level_css":"","footnotes":""},"class_list":["post-1143","page","type-page","status-publish","hentry"],"translation":{"provider":"WPGlobus","version":"3.0.0","language":"en","enabled_languages":["sr","en"],"languages":{"sr":{"title":true,"content":true,"excerpt":false},"en":{"title":false,"content":false,"excerpt":false}}},"uagb_featured_image_src":{"full":false,"thumbnail":false,"medium":false,"medium_large":false,"large":false,"news_plugin_small":false,"news_plugin_full":false,"1536x1536":false,"2048x2048":false,"blog-large":false,"blog-medium":false,"recent-thumb":false,"service-featured":false,"rb-resume-thumbnail":false},"uagb_author_info":{"display_name":"instpsyfil","author_link":"https:\/\/instpsy.f.bg.ac.rs\/en\/author\/instpsyfil\/"},"uagb_comment_info":0,"uagb_excerpt":"Videnovi\u0107, M.,\u00a0\u010capri\u0107, G. (2024). PISA studija 2018: nacionalni izve\u0161taj. Ministratsvo prosvete, nauke i tehnolo\u0161kog razvoja. https:\/\/ceo.edu.rs\/wp-content\/uploads\/2022\/11\/PISA-izvestaj-2018.pdfAn\u0111elkovi\u0107, D., \u010coli\u0107, G., Gaji\u0107, S., Ili\u0107, S., Jovi\u0107, A., Mandi\u0107 Kolar, M., Milanovi\u0107, M., Milidrag, M., Milju\u0161, D., Ostoji\u0107, S., Pejovi\u0107 Milovan\u010devi\u0107, M., Petkovi\u0107&hellip;","_links":{"self":[{"href":"https:\/\/instpsy.f.bg.ac.rs\/en\/wp-json\/wp\/v2\/pages\/1143","targetHints":{"allow":["GET"]}}],"collection":[{"href":"https:\/\/instpsy.f.bg.ac.rs\/en\/wp-json\/wp\/v2\/pages"}],"about":[{"href":"https:\/\/instpsy.f.bg.ac.rs\/en\/wp-json\/wp\/v2\/types\/page"}],"author":[{"embeddable":true,"href":"https:\/\/instpsy.f.bg.ac.rs\/en\/wp-json\/wp\/v2\/users\/1"}],"replies":[{"embeddable":true,"href":"https:\/\/instpsy.f.bg.ac.rs\/en\/wp-json\/wp\/v2\/comments?post=1143"}],"version-history":[{"count":4,"href":"https:\/\/instpsy.f.bg.ac.rs\/en\/wp-json\/wp\/v2\/pages\/1143\/revisions"}],"predecessor-version":[{"id":1145,"href":"https:\/\/instpsy.f.bg.ac.rs\/en\/wp-json\/wp\/v2\/pages\/1143\/revisions\/1145"}],"wp:attachment":[{"href":"https:\/\/instpsy.f.bg.ac.rs\/en\/wp-json\/wp\/v2\/media?parent=1143"}],"curies":[{"name":"wp","href":"https:\/\/api.w.org\/{rel}","templated":true}]}}