{"id":1097,"date":"2025-03-23T19:10:35","date_gmt":"2025-03-23T19:10:35","guid":{"rendered":"https:\/\/instpsy.f.bg.ac.rs\/?page_id=1097"},"modified":"2025-03-23T19:10:41","modified_gmt":"2025-03-23T19:10:41","slug":"teodora-vuletic-joksimovic","status":"publish","type":"page","link":"https:\/\/instpsy.f.bg.ac.rs\/en\/teodora-vuletic-joksimovic\/","title":{"rendered":"Teodora Vuleti\u0107 Joksimovi\u0107"},"content":{"rendered":"<style type=\"text\/css\">\n            #resume-578.rb-template-container { max-width: 100% !important; margin-left: auto; margin-right: auto; }            #resume-578 .rbt-header-wrapper { border-color: rgba( 0, 0, 0, 0.2 ); }\n            #resume-578.rb-template-container { background: transparent !important; box-sizing: border-box; padding: 0 !important; }                                                @media screen and (max-width: 900px) {\n                #resume-578.rb-template-container {\n                    padding:45px !important;\n                }\n            }\n        <\/style><section id=\"resume-578\" class=\"rb-template-container\"><div class=\"rb-template-default\"><div class=\"rbt-header-wrapper\"><style type=\"text\/css\">\n\t#rb-template-360 .rbt-header .rbt-name,\n\t#rb-template-360 .rbt-header .rbt-title { color:#000000; }\n\t#rb-template-360 .rbt-header .rb-button { background:#980000; }\n\t#rb-template-360 .rbt-header .rb-button:hover { background:#000000; }\n\t#rb-template-360 .rbt-header > .rbt-photo { width: 200px; height: 200px; }\n<\/style>\n\n<div id=\"rb-template-360\" class=\"rb-template-default\">\n\t<section class=\"rbt-header rb-resume-has-photo\">\n\n\t\t\t\t\n\t\t\t\t\t<div class=\"rbt-photo\" style=\"background-image: url( 'https:\/\/instpsy.f.bg.ac.rs\/wp-content\/uploads\/2025\/03\/slika_Teodora.jpg' )\">&nbsp;<\/div>\n\t\t\t\n\t\t\t\n\t\t<div class=\"rbt-name\">Teodora Vuleti\u0107 Joksimovi\u0107<\/div>\n\t\n\t\t\t\n\t\t<div class=\"rbt-title\">-<\/div>\t\t\n\t\t<div class=\"rbt-attachment\"><a target=\"_blank\" href=\"http:\/\/instpsy.f.bg.ac.rs\/wp-content\/uploads\/2025\/03\/CV_Teodora-Vuletic_eng.pdf\" class=\"rb-button\"><svg width=\"24\" height=\"24\" fill=\"none\" viewBox=\"0 0 24 24\">\n\t\t<path stroke=\"currentColor\" stroke-linecap=\"round\" stroke-linejoin=\"round\" stroke-width=\"1.5\" d=\"M7.75 19.25H16.25C17.3546 19.25 18.25 18.3546 18.25 17.25V9L14 4.75H7.75C6.64543 4.75 5.75 5.64543 5.75 6.75V17.25C5.75 18.3546 6.64543 19.25 7.75 19.25Z\"><\/path>\n\t\t<path stroke=\"currentColor\" stroke-linecap=\"round\" stroke-linejoin=\"round\" stroke-width=\"1.5\" d=\"M18 9.25H13.75V5\"><\/path>\n\t\t<path stroke=\"currentColor\" stroke-linecap=\"round\" stroke-linejoin=\"round\" stroke-width=\"1.5\" d=\"M9.75 15.25H14.25\"><\/path>\n\t\t<path stroke=\"currentColor\" stroke-linecap=\"round\" stroke-linejoin=\"round\" stroke-width=\"1.5\" d=\"M9.75 12.25H14.25\"><\/path>\n\t\t<\/svg>&nbsp;CV<\/a><\/div> \n\t\n\t\t\t\n\t<\/section>\n<\/div><style type=\"text\/css\">\n\t\t#rb-template-393 .rbt-contact-info,\n\t\t#rb-template-393 .rbt-ci-block { border-color: rgba( 0, 0, 0, 0.2 ); }\n\t\t#rb-template-393 .rbt-contact-info a { color:#980000; }\n\t\t#rb-template-393 .rbt-contact-info svg path { stroke:#000000; }\n\t\t#rb-template-393 .rbt-contact-info,\n\t\t#rb-template-393 .rbt-contact-info a:hover { color:#000000; }\t\n\t<\/style><div id=\"rb-template-393\" class=\"rb-template-default\"><div class=\"rbt-contact-info\"><div class=\"rbt-ci-block\"><div><\/div><div><a href=\"mailto:&#116;e&#111;d&#111;&#114;a&#046;&#118;&#117;le&#116;i&#099;&#064;f&#046;bg&#046;ac&#046;&#114;s\">&#116;&#101;&#111;&#100;o&#114;&#097;.v&#117;l&#101;ti&#099;&#064;f&#046;&#098;g&#046;&#097;&#099;.&#114;s<\/a><\/div><\/div><\/div><\/div><\/div><div class=\"rbt-body\"><div class=\"rbt-column full\"><style type=\"text\/css\">\n\t\t#rb-template-184 .rbt-introduction { color:#000000; }\n\t<\/style>\n\t\n\t<div id=\"rb-template-184\" class=\"rb-template-default\">\n\t\t<div class=\"rbt-introduction\"><p><a href=\"https:\/\/orcid.org\/0000-0003-0156-5524\" rel=\"noopener noreferrer\" target=\"_blank\">https:\/\/orcid.org\/0000-0003-0156-5524<\/a><\/p><p><br><\/p><\/div>\t<\/div><style type=\"text\/css\">\n\t\t#rb-template-807,\n\t\t#rb-template-807 .rbt-history-blocks .rbt-history-block { color: #000000; }\n\t\t#rb-template-807 .rbt-section-heading { color: #980000; }\n\t\t#rb-template-807 .rbt-history-blocks .rbt-history-block > div::before { background: #000000; }\n\t\t#rb-template-807 .rbt-history-blocks .rbt-history-place-time > span::after { background: #000000; }\n\t\t#rb-template-807 .rbt-history-blocks .rbt-history-block .rbt-history-job-degree:after { background: #980000; }\n\t<\/style><div id=\"rb-template-807\" class=\"rb-template-default\"><div class=\"rbt-section-heading\">Education<\/div><div class=\"rbt-history-blocks\"><div class=\"rbt-history-block\"><div class=\"rbt-history-job-degree\">Ph.D. in Psychology<\/div><div class=\"rbt-history-place-time\"><span class=\"rbt-history-company-school\">Department of Psychology, Faculty of Philosophy, University of Belgrade<\/span><span class=\"rbt-history-dates\">2025<\/span><\/div><div class=\"rbt-history-description\"><ul><li class=\"ql-align-justify\"><span style=\"background-color: transparent\">Mentor: Prof. Dr. Petar Jevremovi\u0107<\/span><\/li><li class=\"ql-align-justify\"><span style=\"background-color: transparent\">Doctoral thesis:&nbsp;<\/span><em style=\"background-color: transparent\">The Concept of \"Family Complex\" in Contemporary Psychoanalytic Theory of Subject Development&nbsp;<\/em><\/li><\/ul><\/div><\/div><div class=\"rbt-history-block\"><div class=\"rbt-history-job-degree\">Master\u2019s degree in Clinical Psychology<\/div><div class=\"rbt-history-place-time\"><span class=\"rbt-history-company-school\">Department of Psychology, Faculty of Philosophy, University of Belgrade<\/span><span class=\"rbt-history-dates\">2017 \u2013 2018<\/span><\/div><div class=\"rbt-history-description\"><ul><li class=\"ql-align-justify\"><span style=\"background-color: transparent\">Mentor: Prof. Dr. Petar Jevremovi\u0107<\/span><\/li><li><span style=\"background-color: transparent\">Master thesis:&nbsp;<\/span><em style=\"background-color: transparent\">The Influence of the Sibling Relationship on the Psychological Development of the Subject in Lacan's Theory of the Mirror Stage&nbsp;<\/em><\/li><\/ul><\/div><\/div><div class=\"rbt-history-block\"><div class=\"rbt-history-job-degree\">Bachelor\u2019s degree in Psychology<\/div><div class=\"rbt-history-place-time\"><span class=\"rbt-history-company-school\">Department of Psychology, Faculty of Philosophy, University of Belgrade<\/span><span class=\"rbt-history-dates\">2013 \u2013 2017<\/span><\/div><\/div><\/div><div class=\"rbt-section-heading\">Career<\/div><div class=\"rbt-history-blocks\"><div class=\"rbt-history-block\"><div class=\"rbt-history-job-degree\">Research Associate<\/div><div class=\"rbt-history-place-time\"><span class=\"rbt-history-company-school\">Institute of Psychology, Faculty of Philosophy, University of Belgrade<\/span><span class=\"rbt-history-dates\">2025 \u2013 present<\/span><\/div><\/div><div class=\"rbt-history-block\"><div class=\"rbt-history-job-degree\">Research Assistant<\/div><div class=\"rbt-history-place-time\"><span class=\"rbt-history-company-school\">Institute of Psychology, Faculty of Philosophy, University of Belgrade<\/span><span class=\"rbt-history-dates\">2024 \u2013 2025<\/span><\/div><\/div><div class=\"rbt-history-block\"><div class=\"rbt-history-job-degree\">Research Assistant<\/div><div class=\"rbt-history-place-time\"><span class=\"rbt-history-company-school\">Department of Psychology, Faculty of Philosophy, University of Belgrade<\/span><span class=\"rbt-history-dates\">2022 \u2013 2024<\/span><\/div><\/div><div class=\"rbt-history-block\"><div class=\"rbt-history-job-degree\">Entrepreneur<\/div><div class=\"rbt-history-place-time\"><span class=\"rbt-history-company-school\">Psychological Counseling Center ANIMA, TIN: 112376733, ID: 66062155<\/span><span class=\"rbt-history-dates\">2021 \u2013 present<\/span><\/div><\/div><div class=\"rbt-history-block\"><div class=\"rbt-history-job-degree\">Teaching Associate<\/div><div class=\"rbt-history-place-time\"><span class=\"rbt-history-company-school\">Department of Psychology, Faculty of Philosophy, University of Belgrade<\/span><span class=\"rbt-history-dates\">2019 \u2013 2024<\/span><\/div><div class=\"rbt-history-description\"><p><em style=\"background-color: transparent\">Subjects<\/em><span style=\"background-color: transparent\">: Developmental Psychopathology, Psychopathology of Children &amp; Youth, Psychology of Religion, Psychopathology of Group Processes<\/span><\/p><\/div><\/div><div class=\"rbt-history-block\"><div class=\"rbt-history-job-degree\">Junior Research Assistant<\/div><div class=\"rbt-history-place-time\"><span class=\"rbt-history-company-school\">Department of Psychology, Faculty of Philosophy, University of Belgrade<\/span><span class=\"rbt-history-dates\">2019 \u2013 2022<\/span><\/div><\/div><\/div><div class=\"rbt-section-heading\">Research intrests<\/div><div class=\"rbt-text-content\"><ul>\n<li>Youth Well-Being &amp; Mental Health<\/li>\n<li>Identity &amp; Self-Image Development<\/li>\n<li>Leisure Time of Adolescents<\/li>\n<li>Qualitative Analysis &amp; Hermeneutics<\/li>\n<li class=\"ql-align-justify\">Psychoanalysis &amp; Systemic Psychotherapy<\/li>\n<\/ul>\n<\/div><div class=\"rbt-section-heading\">Selected publications<\/div><div class=\"rbt-text-content\"><p class=\"ql-align-justify\"><span style=\"background-color: transparent\">Nikitovi\u0107, T., <\/span><strong style=\"background-color: transparent\">Vuleti\u0107, T.<\/strong><span style=\"background-color: transparent\">, Ignjatovi\u0107, N., Ninkovi\u0107, M., Gruji\u0107, T., Krnjai\u0107, Z., &amp; Krsti\u0107, K. (2023). Crisis as Opportunity, Risk, or Turmoil: Qualitative Study of Youth Narratives About the COVID-19 Pandemic. <\/span><em style=\"background-color: transparent\">Journal of Adolescent Health, 73<\/em><span style=\"background-color: transparent\">(4), 686-692. <\/span><a href=\"https:\/\/doi.org\/10.1016\/j.jadohealth.2023.05.017\" rel=\"noopener noreferrer\" target=\"_blank\" style=\"background-color: transparent\">https:\/\/doi.org\/10.1016\/j.jadohealth.2023.05.017<\/a><span style=\"background-color: transparent\">&nbsp;<\/span><\/p>\n<p class=\"ql-align-justify\"><strong style=\"background-color: transparent\">Vuleti\u0107, T.<\/strong><span style=\"background-color: transparent\">, Ignjatovi\u0107, N., Stankovi\u0107, B., &amp; Ivanov, A. (2021). \u201cNormalizing\u201d Everyday Life in the State of Emergency: Experiences, Well-Being and Coping Strategies of Emerging Adults in Serbia during the First Wave of the COVID-19 Pandemic. <\/span><em style=\"background-color: transparent\">Emerging Adulthood, 9<\/em><span style=\"background-color: transparent\">(5), 583-601. <\/span><a href=\"https:\/\/doi.org\/10.1177%2F21676968211029513\" rel=\"noopener noreferrer\" target=\"_blank\" style=\"background-color: transparent\">https:\/\/doi.org\/10.1177%2F21676968211029513<\/a><\/p>\n<p class=\"ql-align-justify\"><strong style=\"background-color: transparent\">Vuleti\u0107, T.<\/strong><span style=\"background-color: transparent\">, Laki\u0107evi\u0107, M., Karaleji\u0107, E., Nikoli\u0107, M., &amp; Eri\u0107, M. (2023, March). <\/span><em style=\"background-color: transparent\">Developing Self Instead of Depression: Mediating Paths to Emerging Adults\u2019 Mental Health <\/em><span style=\"background-color: transparent\">[Awarded Poster]<\/span><em style=\"background-color: transparent\">.<\/em><span style=\"background-color: transparent\"> 29th Empirical Studies in Psychology, Institute of Psychology &amp; Laboratory for Experimental Psychology, Faculty of Philosophy, University of Belgrade, Serbia.&nbsp;<\/span><\/p>\n<p class=\"ql-align-justify\"><strong style=\"background-color: transparent\">Vuleti\u0107, T.<\/strong><span style=\"background-color: transparent\">, &amp; Krnjai\u0107, Z. (2019). Adolescents' Hobbies and Their Well-Being. In K. Damnjanovi\u0107, O. To\u0161kovi\u0107, &amp; S. Markovi\u0107 (Eds.),<\/span><em style=\"background-color: transparent\"> Proceedings of the XXIV Empirical Studies in Psychology <\/em><span style=\"background-color: transparent\">(pp. 88-90)<\/span><em style=\"background-color: transparent\">. <\/em><span style=\"background-color: transparent\">Institute of Psychology &amp; Laboratory for Experimental Psychology, University of Belgrade.&nbsp;<\/span><\/p>\n<p class=\"ql-align-justify\"><strong style=\"background-color: transparent\">Vuleti\u0107<\/strong><span style=\"background-color: transparent\"> Joksimovi\u0107, T. (2024). The Mediating Role of a Sibling in Identity Development: Contemporary Psychoanalytic Perspective.&nbsp;<\/span><em style=\"background-color: transparent\">Teme<\/em><span style=\"background-color: transparent\">,&nbsp;<\/span><em style=\"background-color: transparent\">48<\/em><span style=\"background-color: transparent\">(4), 873-890. <\/span><a href=\"https:\/\/doi.org\/10.22190\/TEME231017050V\" rel=\"noopener noreferrer\" target=\"_blank\" style=\"background-color: transparent\">https:\/\/doi.org\/10.22190\/TEME231017050V<\/a><\/p>\n<\/div><div class=\"rbt-section-heading\">Selected research projects<\/div><div class=\"rbt-text-content\"><p class=\"ql-align-justify\"><a href=\"https:\/\/www.unicef.org\/serbia\/upshift\" rel=\"noopener noreferrer\" target=\"_blank\" style=\"background-color: transparent\">UPSHIFT program for youth<\/a><span style=\"background-color: transparent\">, UNICEF Serbia and Institute of Psychology <\/span><em style=\"background-color: transparent\">(2024-now)<\/em><\/p>\n<p class=\"ql-align-justify\"><a href=\"https:\/\/nauka.f.bg.ac.rs\/en\/archives\/category\/publications\/edt-cdvk\" rel=\"noopener noreferrer\" target=\"_blank\" style=\"background-color: transparent\">Humans &amp; Society in Times of Crisis<\/a><span style=\"background-color: transparent\">, Faculty of Philosophy, University of Belgrade <\/span><em style=\"background-color: transparent\">(2020-2024)<\/em><\/p>\n<p><a href=\"https:\/\/psychosocialinnovation.net\/en\/publications\/radicalization-and-violent-extremism\/\" rel=\"noopener noreferrer\" target=\"_blank\" style=\"background-color: transparent\">STRIVE global - Strengthening Resilience to Violent Extremism<\/a><span style=\"background-color: transparent\">, Psychosocial Innovation Network \u2013 PIN <\/span><em style=\"background-color: transparent\">(2019-2020)<\/em><\/p>\n<\/div><\/div><\/div><\/div><\/div><\/section>","protected":false},"excerpt":{"rendered":"","protected":false},"author":1,"featured_media":0,"parent":0,"menu_order":0,"comment_status":"closed","ping_status":"closed","template":"","meta":{"_uag_custom_page_level_css":"","footnotes":""},"class_list":["post-1097","page","type-page","status-publish","hentry"],"translation":{"provider":"WPGlobus","version":"3.0.0","language":"en","enabled_languages":["sr","en"],"languages":{"sr":{"title":true,"content":true,"excerpt":false},"en":{"title":false,"content":true,"excerpt":false}}},"uagb_featured_image_src":{"full":false,"thumbnail":false,"medium":false,"medium_large":false,"large":false,"news_plugin_small":false,"news_plugin_full":false,"1536x1536":false,"2048x2048":false,"blog-large":false,"blog-medium":false,"recent-thumb":false,"service-featured":false,"rb-resume-thumbnail":false},"uagb_author_info":{"display_name":"instpsyfil","author_link":"https:\/\/instpsy.f.bg.ac.rs\/en\/author\/instpsyfil\/"},"uagb_comment_info":0,"uagb_excerpt":null,"_links":{"self":[{"href":"https:\/\/instpsy.f.bg.ac.rs\/en\/wp-json\/wp\/v2\/pages\/1097","targetHints":{"allow":["GET"]}}],"collection":[{"href":"https:\/\/instpsy.f.bg.ac.rs\/en\/wp-json\/wp\/v2\/pages"}],"about":[{"href":"https:\/\/instpsy.f.bg.ac.rs\/en\/wp-json\/wp\/v2\/types\/page"}],"author":[{"embeddable":true,"href":"https:\/\/instpsy.f.bg.ac.rs\/en\/wp-json\/wp\/v2\/users\/1"}],"replies":[{"embeddable":true,"href":"https:\/\/instpsy.f.bg.ac.rs\/en\/wp-json\/wp\/v2\/comments?post=1097"}],"version-history":[{"count":3,"href":"https:\/\/instpsy.f.bg.ac.rs\/en\/wp-json\/wp\/v2\/pages\/1097\/revisions"}],"predecessor-version":[{"id":1099,"href":"https:\/\/instpsy.f.bg.ac.rs\/en\/wp-json\/wp\/v2\/pages\/1097\/revisions\/1099"}],"wp:attachment":[{"href":"https:\/\/instpsy.f.bg.ac.rs\/en\/wp-json\/wp\/v2\/media?parent=1097"}],"curies":[{"name":"wp","href":"https:\/\/api.w.org\/{rel}","templated":true}]}}