{"id":101,"date":"2019-08-26T21:01:56","date_gmt":"2019-08-26T21:01:56","guid":{"rendered":"http:\/\/instpsy.f.bg.ac.rs\/?page_id=101"},"modified":"2022-02-10T20:46:52","modified_gmt":"2022-02-10T20:46:52","slug":"dogadaji-i-aktivnosti","status":"publish","type":"page","link":"https:\/\/instpsy.f.bg.ac.rs\/en\/dogadaji-i-aktivnosti\/","title":{"rendered":"Events and activities"},"content":{"rendered":"\r\n<div class=\"simple-news-con no-column sh-id-1\"><div id=\"post-id-1396\" class=\"simple-news-item\"><div class=\"simple-news-text-con\"><h4 class=\"simple-news-title\"><a class=\"simple-news-item-link\" href=\"https:\/\/instpsy.f.bg.ac.rs\/en\/news\/objavljena-knjiga-smesna-strana-nauke-autora-dr-zorana-pavlovica\/\">New Publication: &#8220;The Funny Side of Science&#8221; by Dr Zoran Pavlovi\u0107<\/a><\/h4><div class=\"simple-news-date\">March 13, 2026<\/div><div class=\"simple-news-excerpt\">The Institute of Psychology and Dosije Studio are proud to present the first edition of the book The Funny Side of Science, authored by Dr Zoran Pavlovi\u0107, Full Professor at the Department of Psychology, Faculty of Philosophy, University of Belgrade.Written&hellip; <\/div><\/div><\/div><div id=\"post-id-1399\" class=\"simple-news-item\"><div class=\"simple-news-text-con\"><h4 class=\"simple-news-title\"><a class=\"simple-news-item-link\" href=\"https:\/\/instpsy.f.bg.ac.rs\/en\/news\/novi-broj-casopisa-psiholoska-istrazivanja\/\">New Issue of Psychological Research (Psiholo\u0161ka istra\u017eivanja)<\/a><\/h4><div class=\"simple-news-date\">January 13, 2026<\/div><div class=\"simple-news-excerpt\">Psychological Research (Psiholo\u0161ka istra\u017eivanja) is a scholarly journal published by the Institute of Psychology. In the national journal classification system, it holds the M23 category, placing it among journals of supranational or regional significance and of outstanding publishing quality in&hellip; <\/div><\/div><\/div><div id=\"post-id-1330\" class=\"simple-news-item\"><div class=\"simple-news-text-con\"><h4 class=\"simple-news-title\"><a class=\"simple-news-item-link\" href=\"https:\/\/instpsy.f.bg.ac.rs\/en\/news\/saradnja-centra-za-prava-deteta-i-instituta-za-psihologiju-na-unapredenju-mentalnog-zdravlja-adolescenata\/\">Collaboration Between the Child Rights Centre and the Institute of Psychology to Support Adolescents\u2019 Mental Health<\/a><\/h4><div class=\"simple-news-date\">November 18, 2025<\/div><div class=\"simple-news-excerpt\">The Child Rights Centre and the team from the Institute of Psychology (Teodora Vuleti\u0107 Joksimovi\u0107, Zora Krnjai\u0107, and Marina Videnovi\u0107) have joined efforts on an important and socially responsible project aimed at strengthening mental health among adolescents in schools.During the&hellip; <\/div><\/div><\/div><div id=\"post-id-1280\" class=\"simple-news-item\"><div class=\"simple-news-text-con\"><h4 class=\"simple-news-title\"><a class=\"simple-news-item-link\" href=\"https:\/\/instpsy.f.bg.ac.rs\/en\/news\/eip-2026-godisnji-skup-instituta-za-psihologiju-i-laboratorije-za-eksperimentalnu-psihologiju\/\">EIP 2026 \u2013 Annual Conference of the Institute of Psychology and the Laboratory for Experimental Psychology<\/a><\/h4><div class=\"simple-news-date\">October 20, 2025<\/div><div class=\"simple-news-excerpt\">Dear colleagues,We are pleased to invite you to the annual international scientific conference Empirical Studies in Psychology, organized by the Institute of Psychology and the Laboratory for Experimental Psychology (Department of Psychology, Faculty of Philosophy, University of Belgrade).EIP2026 will be&hellip; <\/div><\/div><\/div><div id=\"post-id-1272\" class=\"simple-news-item\"><div class=\"simple-news-text-con\"><h4 class=\"simple-news-title\"><a class=\"simple-news-item-link\" href=\"https:\/\/instpsy.f.bg.ac.rs\/en\/news\/beograd-ugostio-najvecu-evropsku-konferenciju-o-obrazovanju-ecer-2025\/\">Belgrade Hosted the Largest European Conference on Education \u2013 ECER 2025<\/a><\/h4><div class=\"simple-news-date\">September 15, 2025<\/div><div class=\"simple-news-excerpt\">Another ECER \u2013 the European Conference on Educational Research, the largest European event dedicated to education research, and the Emerging Researchers Conference for young scholars, have been successfully concluded!Organized by the European Educational Research Association (EERA), the Emerging Researchers Group&hellip; <\/div><\/div><\/div><div id=\"post-id-1265\" class=\"simple-news-item\"><div class=\"simple-news-text-con\"><h4 class=\"simple-news-title\"><a class=\"simple-news-item-link\" href=\"https:\/\/instpsy.f.bg.ac.rs\/en\/news\/zvanicna-fejsbuk-stranica-instituta-za-psihologiju\/\">Official Facebook Page of the Institute of Psychology<\/a><\/h4><div class=\"simple-news-date\">June 24, 2025<\/div><div class=\"simple-news-excerpt\">We are pleased to officially launch the Facebook page of the Institute of Psychology, Faculty of Philosophy, University of Belgrade.With a rich tradition spanning more than 60 years, the Institute of Psychology has brought together experts from various fields of&hellip; <\/div><\/div><\/div><div id=\"post-id-985\" class=\"simple-news-item\"><div class=\"simple-news-text-con\"><h4 class=\"simple-news-title\"><a class=\"simple-news-item-link\" href=\"https:\/\/instpsy.f.bg.ac.rs\/en\/news\/zavrsetak-erasmus-projekta-illumine\/\">The End of the Erasmus+ Project Illumine<\/a><\/h4><div class=\"simple-news-date\">July 13, 2023<\/div><div class=\"simple-news-excerpt\">The end of the Erasmus project Illumine is approaching. We are proud of all the activities our teachers, collaborators from the medical secondary school Nade\u017eda Petrovi\u0107 from Zemun, undertook with their students, as well as of the Handbook and other&hellip; <\/div><\/div><\/div><div id=\"post-id-972\" class=\"simple-news-item\"><div class=\"simple-news-text-con\"><h4 class=\"simple-news-title\"><a class=\"simple-news-item-link\" href=\"https:\/\/instpsy.f.bg.ac.rs\/en\/news\/olga-rubtsov-posetila-institut-za-psihologiju\/\">Olga Rubtsov Visited Instute of Psychology<\/a><\/h4><div class=\"simple-news-date\">June 1, 2023<\/div><div class=\"simple-news-excerpt\">On May 29. 2023. we met at the Institute of Psychology with Olga Rubtsov from Moscow State University of Psychology and Education. Rubtsov introduced us to numerous scientific activities of this university and their Institute of Psychology that are based&hellip; <\/div><\/div><\/div><div id=\"post-id-940\" class=\"simple-news-item\"><div class=\"simple-news-text-con\"><h4 class=\"simple-news-title\"><a class=\"simple-news-item-link\" href=\"https:\/\/instpsy.f.bg.ac.rs\/en\/news\/onlajn-radionica-u-okviru-erasmus-projekta-illumine\/\">Online workshop within Erasmus+ Illumine project<\/a><\/h4><div class=\"simple-news-date\">May 19, 2023<\/div><div class=\"simple-news-excerpt\">Within the Erasmus+ project Illumine, we organized one online workshop on 15.3.2023. and one workshop in elementary school Bratstvo in Novi Pazar on 7.4.2023. Workshops gathered over 60 preservice and in-service teachers and other practitioners and researchers engaged in the&hellip; <\/div><\/div><\/div><div id=\"post-id-929\" class=\"simple-news-item\"><div class=\"simple-news-text-con\"><h4 class=\"simple-news-title\"><a class=\"simple-news-item-link\" href=\"https:\/\/instpsy.f.bg.ac.rs\/en\/news\/929\/\">Start of the project &#8220;Narrativization of ethnic identities of adolescents from culturally dominant and minority backgrounds, and the role of the school context&#8221; (NidEA)<\/a><\/h4><div class=\"simple-news-date\">April 3, 2023<\/div><div class=\"simple-news-excerpt\">We proudly announce the start of the project &#8220;Narrativization of ethnic identities of adolescents from culturally dominant and minority backgrounds, and the role of the school context&#8221; (NidEA), supported by the Science Fund within the program Identities. The project brings&hellip; <\/div><\/div><\/div><div id=\"post-id-894\" class=\"simple-news-item\"><div class=\"simple-news-text-con\"><h4 class=\"simple-news-title\"><a class=\"simple-news-item-link\" href=\"https:\/\/instpsy.f.bg.ac.rs\/en\/news\/konferencija-obrazovanje-tokom-pandemije-kovid-19-u-srbiji-kvalitativna-studija\/\">Konferencija \u201eObrazovanje tokom pandemije Kovid-19 u Srbiji: kvalitativna studija\u201c<\/a><\/h4><div class=\"simple-news-date\">January 27, 2023<\/div><div class=\"simple-news-excerpt\">On 15.12.2022. at the Faculty of Philosophy, University of Belgrade, the conference &#8220;Education during the Covid-19 pandemic in Serbia: a qualitative study&#8221; was held. The aim of the conference was to present the first results of the study that was&hellip; <\/div><\/div><\/div><div id=\"post-id-890\" class=\"simple-news-item\"><div class=\"simple-news-text-con\"><h4 class=\"simple-news-title\"><a class=\"simple-news-item-link\" href=\"https:\/\/instpsy.f.bg.ac.rs\/en\/news\/obelezavanje-godisnjice-instituta-za-psihologiju\/\">Celebrating the anniversary of the Institute of Psychology<\/a><\/h4><div class=\"simple-news-date\">January 27, 2023<\/div><div class=\"simple-news-excerpt\">On 15.12.2022. at the Faculty of Philosophy, University of Belgrade, the 60th anniversary of the Institute of Psychology was celebrated. After the welcoming words of the vice-dean for science, Milan Stan\u010di\u0107, the director of the Institute, Zora Krnjai\u0107 and researcher&hellip; <\/div><\/div><\/div><div id=\"post-id-868\" class=\"simple-news-item\"><div class=\"simple-news-text-con\"><h4 class=\"simple-news-title\"><a class=\"simple-news-item-link\" href=\"https:\/\/instpsy.f.bg.ac.rs\/en\/news\/29-naucni-skup-empirijska-istrazivanja-u-psihologiji\/\">The 29th scientific meeting of the Empirical Study of Psychology<\/a><\/h4><div class=\"simple-news-date\">November 23, 2022<\/div><div class=\"simple-news-excerpt\">We are pleased to announce that\u00a0the\u00a0annual scientific conference Empirical Studies in Psychology, organized by the Laboratory for Experimental Psychology and the Institute of Psychology, will be held from March 31 to April 2, 2023, at the Faculty of Philosophy in&hellip; <\/div><\/div><\/div><div id=\"post-id-859\" class=\"simple-news-item\"><div class=\"simple-news-text-con\"><h4 class=\"simple-news-title\"><a class=\"simple-news-item-link\" href=\"https:\/\/instpsy.f.bg.ac.rs\/en\/news\/okrugao-sto-u-cast-profesorke-ksenije-rados\/\">Round table entitled 47th year of music psychology in Serbia<\/a><\/h4><div class=\"simple-news-date\">November 23, 2022<\/div><div class=\"simple-news-excerpt\">On October 27, 2022, as part of the international conference Psychology and music, a round table entitled 47th year of music psychology in Serbia was held at our Institute in honor of Professor Ksenija Rado\u0161. The participants were: Prof. Dr.&hellip; <\/div><\/div><\/div><div id=\"post-id-855\" class=\"simple-news-item\"><div class=\"simple-news-text-con\"><h4 class=\"simple-news-title\"><a class=\"simple-news-item-link\" href=\"https:\/\/instpsy.f.bg.ac.rs\/en\/news\/855\/\">PSYCHOLOGY AND MUSIC \u2013 INTERDISCIPLINARY ENCOUNTERS 2022<\/a><\/h4><div class=\"simple-news-date\">October 1, 2022<\/div><div class=\"simple-news-excerpt\">Faculty of Music, University of Arts in Belgrade, in cooperation with\u00a0Institute of Psychology from Belgrade,\u00a0Serbian Psychological Society and\u00a0Regional Network Psychology and Music organizes the second international conference Psychology and Music \u2013 Interdisciplinary Encounters\u00a02022\u00a0(PAM-IE Belgrade 2022), that will be held at&hellip; <\/div><\/div><\/div><div id=\"post-id-483\" class=\"simple-news-item\"><div class=\"simple-news-text-con\"><h4 class=\"simple-news-title\"><a class=\"simple-news-item-link\" href=\"https:\/\/instpsy.f.bg.ac.rs\/en\/news\/empirical-studies-in-psychology\/\">EMPIRICAL STUDIES IN PSYCHOLOGY<\/a><\/h4><div class=\"simple-news-date\">January 30, 2022<\/div><div class=\"simple-news-excerpt\">The 28th scientific meeting of the Empirical Study of Psychology, organized by the Institute of Psychology and the Laboratory for Experimental Psychology of the Faculty of Philosophy in Belgrade, will be held from April 1 to 3, 2022. Additional information&hellip; <\/div><\/div><\/div><div id=\"post-id-479\" class=\"simple-news-item\"><div class=\"simple-news-text-con\"><h4 class=\"simple-news-title\"><a class=\"simple-news-item-link\" href=\"https:\/\/instpsy.f.bg.ac.rs\/en\/news\/training-for-tachers-within-the-project-illlumine\/\">TRAINING FOR TEACHERS WITHIN THE PROJECT ILLLUMINE<\/a><\/h4><div class=\"simple-news-date\">January 30, 2022<\/div><div class=\"simple-news-excerpt\">Within the Erasmus+ project ILLUMINE &#8211; A community for exploring and sharing uses of evidence-based teaching strategies, trainings for teachers of the Medical School &#8220;Nade\u017eda Petrovi\u0107&#8221;, which is an associated partner in the project, have been regularly organized since October&hellip; <\/div><\/div><\/div><\/div><style type=\"text\/css\">@media (min-width: 700px) {.simple-news-con.news-column.sh-id-1{-ms-grid-columns: (1fr)[0];grid-template-columns: repeat(0, 1fr);}}<\/style>\r\n","protected":false},"excerpt":{"rendered":"","protected":false},"author":1,"featured_media":0,"parent":0,"menu_order":0,"comment_status":"closed","ping_status":"closed","template":"","meta":{"_uag_custom_page_level_css":"","footnotes":""},"class_list":["post-101","page","type-page","status-publish","hentry"],"translation":{"provider":"WPGlobus","version":"3.0.0","language":"en","enabled_languages":["sr","en"],"languages":{"sr":{"title":true,"content":true,"excerpt":false},"en":{"title":true,"content":false,"excerpt":false}}},"uagb_featured_image_src":{"full":false,"thumbnail":false,"medium":false,"medium_large":false,"large":false,"news_plugin_small":false,"news_plugin_full":false,"1536x1536":false,"2048x2048":false,"blog-large":false,"blog-medium":false,"recent-thumb":false,"service-featured":false,"rb-resume-thumbnail":false},"uagb_author_info":{"display_name":"instpsyfil","author_link":"https:\/\/instpsy.f.bg.ac.rs\/en\/author\/instpsyfil\/"},"uagb_comment_info":0,"uagb_excerpt":null,"_links":{"self":[{"href":"https:\/\/instpsy.f.bg.ac.rs\/en\/wp-json\/wp\/v2\/pages\/101","targetHints":{"allow":["GET"]}}],"collection":[{"href":"https:\/\/instpsy.f.bg.ac.rs\/en\/wp-json\/wp\/v2\/pages"}],"about":[{"href":"https:\/\/instpsy.f.bg.ac.rs\/en\/wp-json\/wp\/v2\/types\/page"}],"author":[{"embeddable":true,"href":"https:\/\/instpsy.f.bg.ac.rs\/en\/wp-json\/wp\/v2\/users\/1"}],"replies":[{"embeddable":true,"href":"https:\/\/instpsy.f.bg.ac.rs\/en\/wp-json\/wp\/v2\/comments?post=101"}],"version-history":[{"count":5,"href":"https:\/\/instpsy.f.bg.ac.rs\/en\/wp-json\/wp\/v2\/pages\/101\/revisions"}],"predecessor-version":[{"id":1329,"href":"https:\/\/instpsy.f.bg.ac.rs\/en\/wp-json\/wp\/v2\/pages\/101\/revisions\/1329"}],"wp:attachment":[{"href":"https:\/\/instpsy.f.bg.ac.rs\/en\/wp-json\/wp\/v2\/media?parent=101"}],"curies":[{"name":"wp","href":"https:\/\/api.w.org\/{rel}","templated":true}]}}